{"id":709,"date":"2025-10-03T10:00:01","date_gmt":"2025-10-03T08:00:01","guid":{"rendered":"https:\/\/www.mosdebresca.com\/mos-de-bresca\/"},"modified":"2025-11-12T12:51:14","modified_gmt":"2025-11-12T11:51:14","slug":"mos-de-bresca","status":"publish","type":"page","link":"https:\/\/www.mosdebresca.com\/ca\/mos-de-bresca\/","title":{"rendered":"Sobre Nosotros"},"content":{"rendered":"\t\t<div data-elementor-type=\"wp-page\" data-elementor-id=\"709\" class=\"elementor elementor-709\" data-elementor-post-type=\"page\">\n\t\t\t\t<div class=\"elementor-element elementor-element-ca890ca e-flex e-con-boxed e-con e-parent\" data-id=\"ca890ca\" data-element_type=\"container\" data-settings=\"{&quot;background_background&quot;:&quot;classic&quot;}\">\n\t\t\t\t\t<div class=\"e-con-inner\">\n\t\t<div class=\"elementor-element elementor-element-e613c64 e-con-full e-flex e-con e-child\" data-id=\"e613c64\" data-element_type=\"container\">\n\t\t\t\t<div class=\"elementor-element elementor-element-2264161 elementor-widget elementor-widget-heading\" data-id=\"2264161\" data-element_type=\"widget\" data-widget_type=\"heading.default\">\n\t\t\t\t\t<p class=\"elementor-heading-title elementor-size-default\">Mos de Bresca<\/p>\t\t\t\t<\/div>\n\t\t\t\t<div class=\"elementor-element elementor-element-f3428e6 elementor-widget elementor-widget-heading\" data-id=\"f3428e6\" data-element_type=\"widget\" data-widget_type=\"heading.default\">\n\t\t\t\t\t<h1 class=\"elementor-heading-title elementor-size-default\">Mel ecol\u00f2gica de Parcs Naturals<\/h1>\t\t\t\t<\/div>\n\t\t\t\t<\/div>\n\t\t<div class=\"elementor-element elementor-element-9df3609 e-con-full e-flex e-con e-child\" data-id=\"9df3609\" data-element_type=\"container\">\n\t\t\t\t<div class=\"elementor-element elementor-element-8b3c7bc elementor-widget elementor-widget-text-editor\" data-id=\"8b3c7bc\" data-element_type=\"widget\" data-widget_type=\"text-editor.default\">\n\t\t\t\t\t\t\t\t\t<p>Mels produ\u00efdes al pic de Penyagolosa, la Serra d\u2019Irta i el Desert de les Palmes, totes elles dins dels Parcs Naturals, fet que fa que les propietats organol\u00e8ptiques de la mel que recol\u00b7lectem siguen tan singulars.<\/p>\t\t\t\t\t\t\t\t<\/div>\n\t\t\t\t<div class=\"elementor-element elementor-element-5c04289 elementor-align-center elementor-widget__width-initial elementor-widget elementor-widget-button\" data-id=\"5c04289\" data-element_type=\"widget\" data-widget_type=\"button.default\">\n\t\t\t\t\t\t\t\t\t\t<a class=\"elementor-button elementor-button-link elementor-size-sm\" href=\"\/ca\/tenda-mel\/\">\n\t\t\t\t\t\t<span class=\"elementor-button-content-wrapper\">\n\t\t\t\t\t\t\t\t\t<span class=\"elementor-button-text\">Comprar<\/span>\n\t\t\t\t\t<\/span>\n\t\t\t\t\t<\/a>\n\t\t\t\t\t\t\t\t<\/div>\n\t\t\t\t<\/div>\n\t\t\t\t\t<\/div>\n\t\t\t\t<\/div>\n\t\t<div class=\"elementor-element elementor-element-1b36a0f e-flex e-con-boxed e-con e-parent\" data-id=\"1b36a0f\" data-element_type=\"container\">\n\t\t\t\t\t<div class=\"e-con-inner\">\n\t\t<div class=\"elementor-element elementor-element-af4c8f2 e-con-full e-flex e-con e-child\" data-id=\"af4c8f2\" data-element_type=\"container\" data-settings=\"{&quot;background_background&quot;:&quot;classic&quot;}\">\n\t\t<div class=\"elementor-element elementor-element-92177a4 e-con-full e-flex e-con e-child\" data-id=\"92177a4\" data-element_type=\"container\">\n\t\t<div class=\"elementor-element elementor-element-b5cf1f1 e-con-full e-flex e-con e-child\" data-id=\"b5cf1f1\" data-element_type=\"container\">\n\t\t\t\t<div class=\"elementor-element elementor-element-b58c492 elementor-widget elementor-widget-heading\" data-id=\"b58c492\" data-element_type=\"widget\" data-widget_type=\"heading.default\">\n\t\t\t\t\t<p class=\"elementor-heading-title elementor-size-default\">MEL NATURAL DE PENYAGOLOSA<\/p>\t\t\t\t<\/div>\n\t\t\t\t<\/div>\n\t\t\t\t<div class=\"elementor-element elementor-element-f598768 elementor-widget elementor-widget-text-editor\" data-id=\"f598768\" data-element_type=\"widget\" data-widget_type=\"text-editor.default\">\n\t\t\t\t\t\t\t\t\t<p>A <strong>Mos de Bresca<\/strong> elaborem mel ecol\u00f2gica de muntanya, recol\u00b7lectada a l\u2019entorn natural del Penyagolosa, el cor de Castell\u00f3. El nostre treball combina la tradici\u00f3 ap\u00edcola amb el respecte per la biodiversitat dels parcs naturals on viuen les nostres abelles.<\/p><p>Coseguim la <strong>mel de manera artesanal<\/strong>, sense escalfar ni filtrar en exc\u00e9s, per a conservar intactes els seus aromes florals, enzims i propietats naturals. Cada lot reflectix la flora \u00fanica de cada temporada: roman\u00ed, tim\u00f3, esp\u00edgol o bruc, segons el moment de la recol\u00b7lecci\u00f3.<\/p><p>La nostra filosofia es basa en l\u2019<strong>apicultura sostenible<\/strong> i en el benestar de les colmenes. Per aix\u00f2 no fem servir productes qu\u00edmics ni processos industrials, garantint <strong>una mel crua<\/strong>, pura i de proximitat, directament de l\u2019apicultor al consumidor.<\/p>\t\t\t\t\t\t\t\t<\/div>\n\t\t\t\t<\/div>\n\t\t\t\t<\/div>\n\t\t<div class=\"elementor-element elementor-element-bcee189 e-con-full e-flex e-con e-child\" data-id=\"bcee189\" data-element_type=\"container\">\n\t\t<div class=\"elementor-element elementor-element-9b9f59a e-con-full e-flex e-con e-child\" data-id=\"9b9f59a\" data-element_type=\"container\" data-settings=\"{&quot;background_background&quot;:&quot;classic&quot;}\">\n\t\t\t\t<div class=\"elementor-element elementor-element-2790ce0 elementor-widget elementor-widget-image\" data-id=\"2790ce0\" data-element_type=\"widget\" data-widget_type=\"image.default\">\n\t\t\t\t\t\t\t\t\t\t\t\t\t\t\t<img fetchpriority=\"high\" decoding=\"async\" width=\"1920\" height=\"1080\" src=\"https:\/\/www.mosdebresca.com\/wp-content\/uploads\/2025\/10\/envasado-miel-mos-de-bresca.jpg\" class=\"attachment-full size-full wp-image-326\" alt=\"\" srcset=\"https:\/\/www.mosdebresca.com\/wp-content\/uploads\/2025\/10\/envasado-miel-mos-de-bresca.jpg 1920w, https:\/\/www.mosdebresca.com\/wp-content\/uploads\/2025\/10\/envasado-miel-mos-de-bresca-300x169.jpg 300w, https:\/\/www.mosdebresca.com\/wp-content\/uploads\/2025\/10\/envasado-miel-mos-de-bresca-1024x576.jpg 1024w, https:\/\/www.mosdebresca.com\/wp-content\/uploads\/2025\/10\/envasado-miel-mos-de-bresca-768x432.jpg 768w, https:\/\/www.mosdebresca.com\/wp-content\/uploads\/2025\/10\/envasado-miel-mos-de-bresca-1536x864.jpg 1536w, https:\/\/www.mosdebresca.com\/wp-content\/uploads\/2025\/10\/envasado-miel-mos-de-bresca-600x338.jpg 600w\" sizes=\"(max-width: 1920px) 100vw, 1920px\" \/>\t\t\t\t\t\t\t\t\t\t\t\t\t\t\t<\/div>\n\t\t\t\t<div class=\"elementor-element elementor-element-fdc63bf elementor-widget elementor-widget-image\" data-id=\"fdc63bf\" data-element_type=\"widget\" data-widget_type=\"image.default\">\n\t\t\t\t\t\t\t\t\t\t\t\t\t\t\t<img decoding=\"async\" width=\"800\" height=\"450\" src=\"https:\/\/www.mosdebresca.com\/wp-content\/uploads\/2025\/10\/miel-mos-de-brsca-abejas-1024x576.jpg\" class=\"attachment-large size-large wp-image-327\" alt=\"\" srcset=\"https:\/\/www.mosdebresca.com\/wp-content\/uploads\/2025\/10\/miel-mos-de-brsca-abejas-1024x576.jpg 1024w, https:\/\/www.mosdebresca.com\/wp-content\/uploads\/2025\/10\/miel-mos-de-brsca-abejas-300x169.jpg 300w, https:\/\/www.mosdebresca.com\/wp-content\/uploads\/2025\/10\/miel-mos-de-brsca-abejas-768x432.jpg 768w, https:\/\/www.mosdebresca.com\/wp-content\/uploads\/2025\/10\/miel-mos-de-brsca-abejas-600x338.jpg 600w, https:\/\/www.mosdebresca.com\/wp-content\/uploads\/2025\/10\/miel-mos-de-brsca-abejas.jpg 1080w\" sizes=\"(max-width: 800px) 100vw, 800px\" \/>\t\t\t\t\t\t\t\t\t\t\t\t\t\t\t<\/div>\n\t\t\t\t<\/div>\n\t\t<div class=\"elementor-element elementor-element-c595e00 e-con-full e-flex e-con e-child\" data-id=\"c595e00\" data-element_type=\"container\" data-settings=\"{&quot;background_background&quot;:&quot;classic&quot;}\">\n\t\t\t\t<div class=\"elementor-element elementor-element-acdd3f2 elementor-widget elementor-widget-image\" data-id=\"acdd3f2\" data-element_type=\"widget\" data-widget_type=\"image.default\">\n\t\t\t\t\t\t\t\t\t\t\t\t\t\t\t<img decoding=\"async\" width=\"800\" height=\"450\" src=\"https:\/\/www.mosdebresca.com\/wp-content\/uploads\/2025\/10\/miel-mos-de-bresca-procesacion-1024x576.jpg\" class=\"attachment-large size-large wp-image-329\" alt=\"\" srcset=\"https:\/\/www.mosdebresca.com\/wp-content\/uploads\/2025\/10\/miel-mos-de-bresca-procesacion-1024x576.jpg 1024w, https:\/\/www.mosdebresca.com\/wp-content\/uploads\/2025\/10\/miel-mos-de-bresca-procesacion-300x169.jpg 300w, https:\/\/www.mosdebresca.com\/wp-content\/uploads\/2025\/10\/miel-mos-de-bresca-procesacion-768x432.jpg 768w, https:\/\/www.mosdebresca.com\/wp-content\/uploads\/2025\/10\/miel-mos-de-bresca-procesacion-1536x864.jpg 1536w, https:\/\/www.mosdebresca.com\/wp-content\/uploads\/2025\/10\/miel-mos-de-bresca-procesacion-600x338.jpg 600w, https:\/\/www.mosdebresca.com\/wp-content\/uploads\/2025\/10\/miel-mos-de-bresca-procesacion.jpg 1920w\" sizes=\"(max-width: 800px) 100vw, 800px\" \/>\t\t\t\t\t\t\t\t\t\t\t\t\t\t\t<\/div>\n\t\t\t\t<div class=\"elementor-element elementor-element-181c2ee elementor-widget elementor-widget-image\" data-id=\"181c2ee\" data-element_type=\"widget\" data-widget_type=\"image.default\">\n\t\t\t\t\t\t\t\t\t\t\t\t\t\t\t<img loading=\"lazy\" decoding=\"async\" width=\"800\" height=\"800\" src=\"https:\/\/www.mosdebresca.com\/wp-content\/uploads\/2025\/10\/extraccion-miel-mos-de-bresca.jpg\" class=\"attachment-large size-large wp-image-328\" alt=\"\" srcset=\"https:\/\/www.mosdebresca.com\/wp-content\/uploads\/2025\/10\/extraccion-miel-mos-de-bresca.jpg 844w, https:\/\/www.mosdebresca.com\/wp-content\/uploads\/2025\/10\/extraccion-miel-mos-de-bresca-300x300.jpg 300w, https:\/\/www.mosdebresca.com\/wp-content\/uploads\/2025\/10\/extraccion-miel-mos-de-bresca-150x150.jpg 150w, https:\/\/www.mosdebresca.com\/wp-content\/uploads\/2025\/10\/extraccion-miel-mos-de-bresca-768x768.jpg 768w, https:\/\/www.mosdebresca.com\/wp-content\/uploads\/2025\/10\/extraccion-miel-mos-de-bresca-600x600.jpg 600w, https:\/\/www.mosdebresca.com\/wp-content\/uploads\/2025\/10\/extraccion-miel-mos-de-bresca-100x100.jpg 100w\" sizes=\"(max-width: 800px) 100vw, 800px\" \/>\t\t\t\t\t\t\t\t\t\t\t\t\t\t\t<\/div>\n\t\t\t\t<\/div>\n\t\t\t\t<\/div>\n\t\t\t\t\t<\/div>\n\t\t\t\t<\/div>\n\t\t<div class=\"elementor-element elementor-element-78eb744 e-flex e-con-boxed e-con e-parent\" data-id=\"78eb744\" data-element_type=\"container\">\n\t\t\t\t\t<div class=\"e-con-inner\">\n\t\t\t\t<div class=\"elementor-element elementor-element-68afa9c elementor-widget elementor-widget-video\" data-id=\"68afa9c\" data-element_type=\"widget\" data-settings=\"{&quot;youtube_url&quot;:&quot;https:\\\/\\\/youtu.be\\\/xSrDgZ58mJ0&quot;,&quot;video_type&quot;:&quot;youtube&quot;,&quot;controls&quot;:&quot;yes&quot;}\" data-widget_type=\"video.default\">\n\t\t\t\t\t\t\t<div class=\"elementor-wrapper elementor-open-inline\">\n\t\t\t<div class=\"elementor-video\"><\/div>\t\t<\/div>\n\t\t\t\t\t\t<\/div>\n\t\t\t\t\t<\/div>\n\t\t\t\t<\/div>\n\t\t<div class=\"elementor-element elementor-element-afd6d28 e-con-full e-flex e-con e-parent\" data-id=\"afd6d28\" data-element_type=\"container\" data-settings=\"{&quot;background_background&quot;:&quot;classic&quot;}\">\n\t\t<div class=\"elementor-element elementor-element-3d8660a e-con-full e-flex e-con e-child\" data-id=\"3d8660a\" data-element_type=\"container\">\n\t\t<div class=\"elementor-element elementor-element-835be13 e-con-full e-flex e-con e-child\" data-id=\"835be13\" data-element_type=\"container\">\n\t\t\t\t<div class=\"elementor-element elementor-element-84302fc elementor-widget elementor-widget-heading\" data-id=\"84302fc\" data-element_type=\"widget\" data-widget_type=\"heading.default\">\n\t\t\t\t\t<h1 class=\"elementor-heading-title elementor-size-default\">QUALITAT PREMIUM<\/h1>\t\t\t\t<\/div>\n\t\t\t\t<div class=\"elementor-element elementor-element-3a02ea7 elementor-widget elementor-widget-heading\" data-id=\"3a02ea7\" data-element_type=\"widget\" data-widget_type=\"heading.default\">\n\t\t\t\t\t<h1 class=\"elementor-heading-title elementor-size-default\">MEL CRUA I ECOL\u00d2GICA<\/h1>\t\t\t\t<\/div>\n\t\t\t\t<\/div>\n\t\t<div class=\"elementor-element elementor-element-419485f e-con-full e-flex e-con e-child\" data-id=\"419485f\" data-element_type=\"container\">\n\t\t\t\t<div class=\"elementor-element elementor-element-f1d5ed1 elementor-widget elementor-widget-text-editor\" data-id=\"f1d5ed1\" data-element_type=\"widget\" data-widget_type=\"text-editor.default\">\n\t\t\t\t\t\t\t\t\t<p>La nostra mel mant\u00e9 totes les seues propietats intactes perqu\u00e8 no est\u00e0 filtrada, reescalfada ni pasteuritzada. A m\u00e9s, la produ\u00efm seguint els est\u00e0ndards ecol\u00f2gics europeus. Disposem d\u2019una sala pr\u00f2pia d\u2019extracci\u00f3 i envasament que ens permet garantir la m\u00e0xima cura en aquest proc\u00e9s totalment artesanal.<\/p>\t\t\t\t\t\t\t\t<\/div>\n\t\t\t\t<div class=\"elementor-element elementor-element-f7b5908 elementor-align-center elementor-widget__width-initial elementor-widget elementor-widget-button\" data-id=\"f7b5908\" data-element_type=\"widget\" data-widget_type=\"button.default\">\n\t\t\t\t\t\t\t\t\t\t<a class=\"elementor-button elementor-button-link elementor-size-sm\" href=\"\/ca\/contacte\">\n\t\t\t\t\t\t<span class=\"elementor-button-content-wrapper\">\n\t\t\t\t\t\t\t\t\t<span class=\"elementor-button-text\">Contacta\u2019ns<\/span>\n\t\t\t\t\t<\/span>\n\t\t\t\t\t<\/a>\n\t\t\t\t\t\t\t\t<\/div>\n\t\t\t\t<\/div>\n\t\t\t\t<\/div>\n\t\t\t\t<\/div>\n\t\t\t\t<\/div>\n\t\t","protected":false},"excerpt":{"rendered":"<p>Mos de Bresca Mel ecol\u00f2gica de Parcs Naturals Mels produ\u00efdes al pic de Penyagolosa, la Serra d\u2019Irta i el Desert de les Palmes, totes elles dins dels Parcs Naturals, fet que fa que les propietats organol\u00e8ptiques de la mel que recol\u00b7lectem siguen tan singulars. Comprar MEL NATURAL DE PENYAGOLOSA A Mos de Bresca elaborem mel [&hellip;]<\/p>\n","protected":false},"author":1,"featured_media":0,"parent":0,"menu_order":0,"comment_status":"closed","ping_status":"closed","template":"elementor_header_footer","meta":{"_acf_changed":false,"footnotes":""},"class_list":["post-709","page","type-page","status-publish","hentry"],"aioseo_notices":[],"acf":[],"_links":{"self":[{"href":"https:\/\/www.mosdebresca.com\/ca\/wp-json\/wp\/v2\/pages\/709","targetHints":{"allow":["GET"]}}],"collection":[{"href":"https:\/\/www.mosdebresca.com\/ca\/wp-json\/wp\/v2\/pages"}],"about":[{"href":"https:\/\/www.mosdebresca.com\/ca\/wp-json\/wp\/v2\/types\/page"}],"author":[{"embeddable":true,"href":"https:\/\/www.mosdebresca.com\/ca\/wp-json\/wp\/v2\/users\/1"}],"replies":[{"embeddable":true,"href":"https:\/\/www.mosdebresca.com\/ca\/wp-json\/wp\/v2\/comments?post=709"}],"version-history":[{"count":7,"href":"https:\/\/www.mosdebresca.com\/ca\/wp-json\/wp\/v2\/pages\/709\/revisions"}],"predecessor-version":[{"id":969,"href":"https:\/\/www.mosdebresca.com\/ca\/wp-json\/wp\/v2\/pages\/709\/revisions\/969"}],"wp:attachment":[{"href":"https:\/\/www.mosdebresca.com\/ca\/wp-json\/wp\/v2\/media?parent=709"}],"curies":[{"name":"wp","href":"https:\/\/api.w.org\/{rel}","templated":true}]}}