{"id":809,"date":"2025-10-16T09:42:45","date_gmt":"2025-10-16T07:42:45","guid":{"rendered":"https:\/\/www.mosdebresca.com\/desert-de-les-palmes\/"},"modified":"2025-11-12T12:52:11","modified_gmt":"2025-11-12T11:52:11","slug":"desert-de-les-palmes","status":"publish","type":"page","link":"https:\/\/www.mosdebresca.com\/ca\/desert-de-les-palmes\/","title":{"rendered":"Desert de les Palmes"},"content":{"rendered":"\t\t<div data-elementor-type=\"wp-page\" data-elementor-id=\"809\" class=\"elementor elementor-809\" data-elementor-post-type=\"page\">\n\t\t\t\t<div class=\"elementor-element elementor-element-fe78705 e-flex e-con-boxed e-con e-parent\" data-id=\"fe78705\" data-element_type=\"container\" data-settings=\"{&quot;background_background&quot;:&quot;classic&quot;}\">\n\t\t\t\t\t<div class=\"e-con-inner\">\n\t\t<div class=\"elementor-element elementor-element-c6a2bfe e-con-full e-flex e-con e-child\" data-id=\"c6a2bfe\" data-element_type=\"container\">\n\t\t\t\t<div class=\"elementor-element elementor-element-1715745 elementor-widget elementor-widget-heading\" data-id=\"1715745\" data-element_type=\"widget\" data-widget_type=\"heading.default\">\n\t\t\t\t\t<h2 class=\"elementor-heading-title elementor-size-default\">Desert de les Palmes<\/h2>\t\t\t\t<\/div>\n\t\t\t\t<div class=\"elementor-element elementor-element-ca48043 elementor-widget elementor-widget-heading\" data-id=\"ca48043\" data-element_type=\"widget\" data-widget_type=\"heading.default\">\n\t\t\t\t\t<p class=\"elementor-heading-title elementor-size-default\">APICULTURA RESPECTUOSA<\/p>\t\t\t\t<\/div>\n\t\t\t\t<div class=\"elementor-element elementor-element-1a00a38 elementor-widget elementor-widget-text-editor\" data-id=\"1a00a38\" data-element_type=\"widget\" data-widget_type=\"text-editor.default\">\n\t\t\t\t\t\t\t\t\t<p data-start=\"96\" data-end=\"259\"><strong data-start=\"96\" data-end=\"155\">Mels recol\u00b7lectades a l\u2019entorn del Desert de les Palmes<\/strong>, un paratge natural protegit on la combinaci\u00f3 de muntanya i brisa marina dona lloc a una flora \u00fanica.<\/p><p data-start=\"261\" data-end=\"441\">Les abelles liben el n\u00e8ctar del roman\u00ed, el tim\u00f3 i el bruc, creant una mel amb <strong data-start=\"339\" data-end=\"379\">propietats organol\u00e8ptiques singulars<\/strong> i un reflex fidel del <strong data-start=\"402\" data-end=\"438\">paisatge mediterrani de Castell\u00f3<\/strong>.<\/p>\t\t\t\t\t\t\t\t<\/div>\n\t\t\t\t<\/div>\n\t\t\t\t\t<\/div>\n\t\t\t\t<\/div>\n\t\t<div class=\"elementor-element elementor-element-e8787f6 e-flex e-con-boxed e-con e-parent\" data-id=\"e8787f6\" data-element_type=\"container\">\n\t\t\t\t\t<div class=\"e-con-inner\">\n\t\t<div class=\"elementor-element elementor-element-88f1c1d e-con-full e-flex e-con e-child\" data-id=\"88f1c1d\" data-element_type=\"container\" data-settings=\"{&quot;background_background&quot;:&quot;classic&quot;}\">\n\t\t<div class=\"elementor-element elementor-element-33a134a e-con-full e-flex e-con e-child\" data-id=\"33a134a\" data-element_type=\"container\">\n\t\t<div class=\"elementor-element elementor-element-e82fe6a e-con-full e-flex e-con e-child\" data-id=\"e82fe6a\" data-element_type=\"container\">\n\t\t\t\t<div class=\"elementor-element elementor-element-f76b485 elementor-widget elementor-widget-heading\" data-id=\"f76b485\" data-element_type=\"widget\" data-widget_type=\"heading.default\">\n\t\t\t\t\t<p class=\"elementor-heading-title elementor-size-default\">DESERT DE LES PALMES<\/p>\t\t\t\t<\/div>\n\t\t\t\t<\/div>\n\t\t\t\t<div class=\"elementor-element elementor-element-d082699 elementor-widget elementor-widget-text-editor\" data-id=\"d082699\" data-element_type=\"widget\" data-widget_type=\"text-editor.default\">\n\t\t\t\t\t\t\t\t\t<p data-start=\"126\" data-end=\"432\">A <strong data-start=\"128\" data-end=\"145\">Mos de Bresca<\/strong> elaborem <strong data-start=\"155\" data-end=\"172\">mel ecol\u00f2gica<\/strong> recol\u00b7lectada a l\u2019entorn protegit del <strong data-start=\"211\" data-end=\"235\">Desert de les Palmes<\/strong>, un paratge natural que uneix la mar i la muntanya a la prov\u00edncia de Castell\u00f3. Les nostres arnes es troben entre pinedes, romanins i brucs, en un ecosistema mediterrani de gran riquesa bot\u00e0nica.<\/p><p data-start=\"434\" data-end=\"806\">Treballem de manera artesanal, respectant el <strong data-start=\"479\" data-end=\"511\">cicle natural de les abelles<\/strong> i sense sotmetre la mel a escalfaments ni filtratges excessius. D\u2019esta manera, conservem tota la seua <strong data-start=\"614\" data-end=\"670\">puresa, els aromes florals i les propietats naturals<\/strong>. Cada collita \u00e9s diferent i reflectix la vegetaci\u00f3 del parc: <strong data-start=\"732\" data-end=\"765\">roman\u00ed, tim\u00f3, bruc i taronger<\/strong>, segons la floraci\u00f3 de cada temporada.<\/p>\t\t\t\t\t\t\t\t<\/div>\n\t\t\t\t<\/div>\n\t\t\t\t<\/div>\n\t\t<div class=\"elementor-element elementor-element-6bd0a84 e-con-full e-flex e-con e-child\" data-id=\"6bd0a84\" data-element_type=\"container\">\n\t\t\t\t<div class=\"elementor-element elementor-element-7c8e6f8 elementor-widget__width-inherit elementor-widget elementor-widget-html\" data-id=\"7c8e6f8\" data-element_type=\"widget\" data-widget_type=\"html.default\">\n\t\t\t\t\t<section style=\"position: relative; width: 100%; aspect-ratio: 16\/9; object-fit:contain;\">\r\n  <iframe\r\n    src=\"https:\/\/videos.gva.es\/p\/132\/sp\/13200\/embedIframeJs\/uiconf_id\/23448175\/partner_id\/132?iframeembed=true&playerId=iframeVid&entry_id=0_i0kyfeuf&flashvars[streamerType]=applehttp\"\r\n    style=\"width: 100%; height: 100%; border: 0;\"\r\n    allowfullscreen\r\n    webkitallowfullscreen\r\n    mozallowfullscreen\r\n    allow=\"autoplay *; fullscreen *; encrypted-media *\"\r\n    frameborder=\"0\">\r\n  <\/iframe>\r\n<\/section>\t\t\t\t<\/div>\n\t\t\t\t<\/div>\n\t\t\t\t\t<\/div>\n\t\t\t\t<\/div>\n\t\t<div class=\"elementor-element elementor-element-c354b8a e-flex e-con-boxed e-con e-parent\" data-id=\"c354b8a\" data-element_type=\"container\">\n\t\t\t\t\t<div class=\"e-con-inner\">\n\t\t\t\t<div class=\"elementor-element elementor-element-1c384d3 elementor-widget elementor-widget-video\" data-id=\"1c384d3\" data-element_type=\"widget\" data-settings=\"{&quot;youtube_url&quot;:&quot;https:\\\/\\\/www.youtube.com\\\/watch?v=qBjG5s4DpV4&quot;,&quot;video_type&quot;:&quot;youtube&quot;,&quot;controls&quot;:&quot;yes&quot;}\" data-widget_type=\"video.default\">\n\t\t\t\t\t\t\t<div class=\"elementor-wrapper elementor-open-inline\">\n\t\t\t<div class=\"elementor-video\"><\/div>\t\t<\/div>\n\t\t\t\t\t\t<\/div>\n\t\t\t\t\t<\/div>\n\t\t\t\t<\/div>\n\t\t<div class=\"elementor-element elementor-element-36f9a92 e-con-full e-flex e-con e-parent\" data-id=\"36f9a92\" data-element_type=\"container\" data-settings=\"{&quot;background_background&quot;:&quot;classic&quot;}\">\n\t\t<div class=\"elementor-element elementor-element-3e86136 e-con-full e-flex e-con e-child\" data-id=\"3e86136\" data-element_type=\"container\">\n\t\t<div class=\"elementor-element elementor-element-1515843 e-con-full e-flex e-con e-child\" data-id=\"1515843\" data-element_type=\"container\">\n\t\t\t\t<div class=\"elementor-element elementor-element-541b9af elementor-widget elementor-widget-heading\" data-id=\"541b9af\" data-element_type=\"widget\" data-widget_type=\"heading.default\">\n\t\t\t\t\t<h1 class=\"elementor-heading-title elementor-size-default\">QUALITAT PREMIUM<\/h1>\t\t\t\t<\/div>\n\t\t\t\t<div class=\"elementor-element elementor-element-2da07ad elementor-widget elementor-widget-heading\" data-id=\"2da07ad\" data-element_type=\"widget\" data-widget_type=\"heading.default\">\n\t\t\t\t\t<h1 class=\"elementor-heading-title elementor-size-default\">MEL CRUA I ECOL\u00d2GICA<\/h1>\t\t\t\t<\/div>\n\t\t\t\t<\/div>\n\t\t<div class=\"elementor-element elementor-element-c184b37 e-con-full e-flex e-con e-child\" data-id=\"c184b37\" data-element_type=\"container\">\n\t\t\t\t<div class=\"elementor-element elementor-element-fa20602 elementor-widget elementor-widget-text-editor\" data-id=\"fa20602\" data-element_type=\"widget\" data-widget_type=\"text-editor.default\">\n\t\t\t\t\t\t\t\t\t<p data-start=\"100\" data-end=\"285\">La nostra <strong data-start=\"110\" data-end=\"117\">mel<\/strong> mant\u00e9 totes les seues propietats intactes perqu\u00e8 <strong data-start=\"167\" data-end=\"217\">no est\u00e0 filtrada, reescalfada ni pasteuritzada<\/strong>. A m\u00e9s, la produ\u00efm seguint els <strong data-start=\"249\" data-end=\"282\">est\u00e0ndards ecol\u00f2gics europeus<\/strong>.<\/p><p data-start=\"287\" data-end=\"417\">Disposem d\u2019una <strong data-start=\"302\" data-end=\"339\">sala pr\u00f2pia d\u2019extracci\u00f3 i envasat<\/strong>, que ens permet garantir la m\u00e0xima cura en este proc\u00e9s totalment artesanal.<\/p>\t\t\t\t\t\t\t\t<\/div>\n\t\t\t\t<div class=\"elementor-element elementor-element-61fcdeb elementor-align-center elementor-widget__width-initial elementor-widget elementor-widget-button\" data-id=\"61fcdeb\" data-element_type=\"widget\" data-widget_type=\"button.default\">\n\t\t\t\t\t\t\t\t\t\t<a class=\"elementor-button elementor-button-link elementor-size-sm\" href=\"\/ca\/contacte\">\n\t\t\t\t\t\t<span class=\"elementor-button-content-wrapper\">\n\t\t\t\t\t\t\t\t\t<span class=\"elementor-button-text\">Contacta\u2019ns<\/span>\n\t\t\t\t\t<\/span>\n\t\t\t\t\t<\/a>\n\t\t\t\t\t\t\t\t<\/div>\n\t\t\t\t<\/div>\n\t\t\t\t<\/div>\n\t\t\t\t<\/div>\n\t\t\t\t<\/div>\n\t\t","protected":false},"excerpt":{"rendered":"<p>Desert de les Palmes APICULTURA RESPECTUOSA Mels recol\u00b7lectades a l\u2019entorn del Desert de les Palmes, un paratge natural protegit on la combinaci\u00f3 de muntanya i brisa marina dona lloc a una flora \u00fanica. Les abelles liben el n\u00e8ctar del roman\u00ed, el tim\u00f3 i el bruc, creant una mel amb propietats organol\u00e8ptiques singulars i un reflex [&hellip;]<\/p>\n","protected":false},"author":1,"featured_media":0,"parent":0,"menu_order":0,"comment_status":"closed","ping_status":"closed","template":"elementor_header_footer","meta":{"_acf_changed":false,"footnotes":""},"class_list":["post-809","page","type-page","status-publish","hentry"],"aioseo_notices":[],"acf":[],"_links":{"self":[{"href":"https:\/\/www.mosdebresca.com\/ca\/wp-json\/wp\/v2\/pages\/809","targetHints":{"allow":["GET"]}}],"collection":[{"href":"https:\/\/www.mosdebresca.com\/ca\/wp-json\/wp\/v2\/pages"}],"about":[{"href":"https:\/\/www.mosdebresca.com\/ca\/wp-json\/wp\/v2\/types\/page"}],"author":[{"embeddable":true,"href":"https:\/\/www.mosdebresca.com\/ca\/wp-json\/wp\/v2\/users\/1"}],"replies":[{"embeddable":true,"href":"https:\/\/www.mosdebresca.com\/ca\/wp-json\/wp\/v2\/comments?post=809"}],"version-history":[{"count":6,"href":"https:\/\/www.mosdebresca.com\/ca\/wp-json\/wp\/v2\/pages\/809\/revisions"}],"predecessor-version":[{"id":972,"href":"https:\/\/www.mosdebresca.com\/ca\/wp-json\/wp\/v2\/pages\/809\/revisions\/972"}],"wp:attachment":[{"href":"https:\/\/www.mosdebresca.com\/ca\/wp-json\/wp\/v2\/media?parent=809"}],"curies":[{"name":"wp","href":"https:\/\/api.w.org\/{rel}","templated":true}]}}