{"id":818,"date":"2025-10-16T10:42:51","date_gmt":"2025-10-16T08:42:51","guid":{"rendered":"https:\/\/www.mosdebresca.com\/sierra-de-irta\/"},"modified":"2025-11-12T12:52:34","modified_gmt":"2025-11-12T11:52:34","slug":"sierra-de-irta","status":"publish","type":"page","link":"https:\/\/www.mosdebresca.com\/ca\/sierra-de-irta\/","title":{"rendered":"Sierra de Irta"},"content":{"rendered":"\t\t<div data-elementor-type=\"wp-page\" data-elementor-id=\"818\" class=\"elementor elementor-818\" data-elementor-post-type=\"page\">\n\t\t\t\t<div class=\"elementor-element elementor-element-152bc709 e-flex e-con-boxed e-con e-parent\" data-id=\"152bc709\" data-element_type=\"container\" data-settings=\"{&quot;background_background&quot;:&quot;classic&quot;}\">\n\t\t\t\t\t<div class=\"e-con-inner\">\n\t\t<div class=\"elementor-element elementor-element-7939175a e-con-full e-flex e-con e-child\" data-id=\"7939175a\" data-element_type=\"container\">\n\t\t\t\t<div class=\"elementor-element elementor-element-8fdbeaf elementor-widget elementor-widget-heading\" data-id=\"8fdbeaf\" data-element_type=\"widget\" data-widget_type=\"heading.default\">\n\t\t\t\t\t<h2 class=\"elementor-heading-title elementor-size-default\">Sierra de Irta<\/h2>\t\t\t\t<\/div>\n\t\t\t\t<div class=\"elementor-element elementor-element-925fc63 elementor-widget elementor-widget-heading\" data-id=\"925fc63\" data-element_type=\"widget\" data-widget_type=\"heading.default\">\n\t\t\t\t\t<p class=\"elementor-heading-title elementor-size-default\">APICULTURA RESPECTUOSA<\/p>\t\t\t\t<\/div>\n\t\t\t\t<div class=\"elementor-element elementor-element-3827e3e9 elementor-widget elementor-widget-text-editor\" data-id=\"3827e3e9\" data-element_type=\"widget\" data-widget_type=\"text-editor.default\">\n\t\t\t\t\t\t\t\t\t<p data-start=\"110\" data-end=\"291\"><strong data-start=\"110\" data-end=\"163\">Mels recol\u00b7lectades a l\u2019entorn de la Serra d\u2019Irta<\/strong>, un parc natural protegit on la muntanya es troba amb la mar, creant un <strong data-start=\"236\" data-end=\"288\">ecosistema mediterrani de gran diversitat floral<\/strong>.<\/p><p data-start=\"293\" data-end=\"482\">Les abelles liben el n\u00e8ctar del <strong data-start=\"325\" data-end=\"369\">roman\u00ed, el tim\u00f3, l\u2019esp\u00edgol i el taronger<\/strong>, donant lloc a una <strong data-start=\"389\" data-end=\"424\">mel de car\u00e0cter suau i arom\u00e0tic<\/strong>, reflex aut\u00e8ntic del <strong data-start=\"446\" data-end=\"479\">paisatge costaner de Castell\u00f3<\/strong>.<\/p>\t\t\t\t\t\t\t\t<\/div>\n\t\t\t\t<\/div>\n\t\t\t\t\t<\/div>\n\t\t\t\t<\/div>\n\t\t<div class=\"elementor-element elementor-element-5f95a48e e-flex e-con-boxed e-con e-parent\" data-id=\"5f95a48e\" data-element_type=\"container\">\n\t\t\t\t\t<div class=\"e-con-inner\">\n\t\t<div class=\"elementor-element elementor-element-1e62888d e-con-full e-flex e-con e-child\" data-id=\"1e62888d\" data-element_type=\"container\" data-settings=\"{&quot;background_background&quot;:&quot;classic&quot;}\">\n\t\t<div class=\"elementor-element elementor-element-7a18a914 e-con-full e-flex e-con e-child\" data-id=\"7a18a914\" data-element_type=\"container\">\n\t\t<div class=\"elementor-element elementor-element-b8364a e-con-full e-flex e-con e-child\" data-id=\"b8364a\" data-element_type=\"container\">\n\t\t\t\t<div class=\"elementor-element elementor-element-1c0d7f06 elementor-widget elementor-widget-heading\" data-id=\"1c0d7f06\" data-element_type=\"widget\" data-widget_type=\"heading.default\">\n\t\t\t\t\t<p class=\"elementor-heading-title elementor-size-default\">SIERRA DE IRTA<\/p>\t\t\t\t<\/div>\n\t\t\t\t<\/div>\n\t\t\t\t<div class=\"elementor-element elementor-element-49245b12 elementor-widget elementor-widget-text-editor\" data-id=\"49245b12\" data-element_type=\"widget\" data-widget_type=\"text-editor.default\">\n\t\t\t\t\t\t\t\t\t<p data-start=\"106\" data-end=\"488\">A <strong data-start=\"108\" data-end=\"125\">Mos de Bresca<\/strong> elaborem <strong data-start=\"135\" data-end=\"152\">mel ecol\u00f2gica<\/strong> recol\u00b7lectada a l\u2019entorn natural de la <strong data-start=\"192\" data-end=\"208\">Serra d\u2019Irta<\/strong>, un parc protegit que combina <strong data-start=\"239\" data-end=\"286\">penya-segats, pinedes i matollars arom\u00e0tics<\/strong> a la vora del Mediterrani. Les nostres arnes se situen en este enclavament \u00fanic del litoral castellonenc, on la <strong data-start=\"399\" data-end=\"436\">brisa marina i la flora silvestre<\/strong> donen a la mel un <strong data-start=\"455\" data-end=\"485\">car\u00e0cter fresc i distintiu<\/strong>.<\/p><p data-start=\"490\" data-end=\"864\">Treballem de manera <strong data-start=\"510\" data-end=\"523\">artesanal<\/strong>, respectant el <strong data-start=\"539\" data-end=\"571\">cicle natural de les abelles<\/strong> i sense sotmetre la mel a escalfaments ni filtratges excessius. D\u2019esta manera, conservem la seua <strong data-start=\"669\" data-end=\"731\">puresa, els aromes florals i totes les propietats naturals<\/strong>. Cada collita reflectix la <strong data-start=\"759\" data-end=\"785\">riquesa vegetal d\u2019Irta<\/strong>: <strong data-start=\"787\" data-end=\"823\">roman\u00ed, tim\u00f3, esp\u00edgol i taronger<\/strong>, segons la floraci\u00f3 de cada temporada.<\/p>\t\t\t\t\t\t\t\t<\/div>\n\t\t\t\t<\/div>\n\t\t\t\t<\/div>\n\t\t<div class=\"elementor-element elementor-element-7010ad6b e-con-full e-flex e-con e-child\" data-id=\"7010ad6b\" data-element_type=\"container\">\n\t\t\t\t<div class=\"elementor-element elementor-element-263d4d4c elementor-widget__width-inherit elementor-widget elementor-widget-html\" data-id=\"263d4d4c\" data-element_type=\"widget\" data-widget_type=\"html.default\">\n\t\t\t\t\t<section style=\"position: relative; width: 100%; aspect-ratio: 16\/9; object-fit:contain;\">\r\n<iframe\r\n  src=\"https:\/\/videos.gva.es\/p\/132\/sp\/13200\/embedIframeJs\/uiconf_id\/23448175\/partner_id\/132?iframeembed=true&playerId=iframeVid&entry_id=0_37gp63nd&flashvars[streamerType]=applehttp\"\r\n  style=\"width: 100%; height: 100%; border: 0;\"\r\n  allowfullscreen\r\n  webkitallowfullscreen\r\n  mozallowfullscreen\r\n  allow=\"autoplay *; fullscreen *; encrypted-media *\"\r\n  frameborder=\"0\">\r\n<\/iframe>\r\n\r\n<\/section>\t\t\t\t<\/div>\n\t\t\t\t<\/div>\n\t\t\t\t\t<\/div>\n\t\t\t\t<\/div>\n\t\t<div class=\"elementor-element elementor-element-f55cb47 e-flex e-con-boxed e-con e-parent\" data-id=\"f55cb47\" data-element_type=\"container\">\n\t\t\t\t\t<div class=\"e-con-inner\">\n\t\t\t\t<div class=\"elementor-element elementor-element-795f5c6 elementor-widget elementor-widget-video\" data-id=\"795f5c6\" data-element_type=\"widget\" data-settings=\"{&quot;youtube_url&quot;:&quot;https:\\\/\\\/www.youtube.com\\\/watch?v=6aahm1V3jZY&quot;,&quot;video_type&quot;:&quot;youtube&quot;,&quot;controls&quot;:&quot;yes&quot;}\" data-widget_type=\"video.default\">\n\t\t\t\t\t\t\t<div class=\"elementor-wrapper elementor-open-inline\">\n\t\t\t<div class=\"elementor-video\"><\/div>\t\t<\/div>\n\t\t\t\t\t\t<\/div>\n\t\t\t\t\t<\/div>\n\t\t\t\t<\/div>\n\t\t<div class=\"elementor-element elementor-element-37e76fe e-con-full e-flex e-con e-parent\" data-id=\"37e76fe\" data-element_type=\"container\" data-settings=\"{&quot;background_background&quot;:&quot;classic&quot;}\">\n\t\t<div class=\"elementor-element elementor-element-79a0f19 e-con-full e-flex e-con e-child\" data-id=\"79a0f19\" data-element_type=\"container\">\n\t\t<div class=\"elementor-element elementor-element-0f17d42 e-con-full e-flex e-con e-child\" data-id=\"0f17d42\" data-element_type=\"container\">\n\t\t\t\t<div class=\"elementor-element elementor-element-df2fd65 elementor-widget elementor-widget-heading\" data-id=\"df2fd65\" data-element_type=\"widget\" data-widget_type=\"heading.default\">\n\t\t\t\t\t<h1 class=\"elementor-heading-title elementor-size-default\">QUALITAT PREMIUM<\/h1>\t\t\t\t<\/div>\n\t\t\t\t<div class=\"elementor-element elementor-element-17e6258 elementor-widget elementor-widget-heading\" data-id=\"17e6258\" data-element_type=\"widget\" data-widget_type=\"heading.default\">\n\t\t\t\t\t<h1 class=\"elementor-heading-title elementor-size-default\">MEL CRUA I ECOL\u00d2GICA<\/h1>\t\t\t\t<\/div>\n\t\t\t\t<\/div>\n\t\t<div class=\"elementor-element elementor-element-eb0dcc4 e-con-full e-flex e-con e-child\" data-id=\"eb0dcc4\" data-element_type=\"container\">\n\t\t\t\t<div class=\"elementor-element elementor-element-0bc91be elementor-widget elementor-widget-text-editor\" data-id=\"0bc91be\" data-element_type=\"widget\" data-widget_type=\"text-editor.default\">\n\t\t\t\t\t\t\t\t\t<p data-start=\"99\" data-end=\"288\">La nostra <strong data-start=\"109\" data-end=\"116\">mel<\/strong> mant\u00e9 totes les seues <strong data-start=\"139\" data-end=\"162\">propietats intactes<\/strong> perqu\u00e8 <strong data-start=\"170\" data-end=\"220\">no est\u00e0 filtrada, reescalfada ni pasteuritzada<\/strong>. A m\u00e9s, la produ\u00efm seguint els <strong data-start=\"252\" data-end=\"285\">est\u00e0ndards ecol\u00f2gics europeus<\/strong>.<\/p><p data-start=\"290\" data-end=\"428\">Disposem d\u2019una <strong data-start=\"305\" data-end=\"342\">sala pr\u00f2pia d\u2019extracci\u00f3 i envasat<\/strong>, que ens permet garantir la <strong data-start=\"371\" data-end=\"386\">m\u00e0xima cura<\/strong> en este <strong data-start=\"395\" data-end=\"425\">proc\u00e9s totalment artesanal<\/strong>.<\/p>\t\t\t\t\t\t\t\t<\/div>\n\t\t\t\t<div class=\"elementor-element elementor-element-5970a17 elementor-align-center elementor-widget__width-initial elementor-widget elementor-widget-button\" data-id=\"5970a17\" data-element_type=\"widget\" data-widget_type=\"button.default\">\n\t\t\t\t\t\t\t\t\t\t<a class=\"elementor-button elementor-button-link elementor-size-sm\" href=\"\/ca\/contacte\">\n\t\t\t\t\t\t<span class=\"elementor-button-content-wrapper\">\n\t\t\t\t\t\t\t\t\t<span class=\"elementor-button-text\">Contacta\u2019ns<\/span>\n\t\t\t\t\t<\/span>\n\t\t\t\t\t<\/a>\n\t\t\t\t\t\t\t\t<\/div>\n\t\t\t\t<\/div>\n\t\t\t\t<\/div>\n\t\t\t\t<\/div>\n\t\t\t\t<\/div>\n\t\t","protected":false},"excerpt":{"rendered":"<p>Sierra de Irta APICULTURA RESPECTUOSA Mels recol\u00b7lectades a l\u2019entorn de la Serra d\u2019Irta, un parc natural protegit on la muntanya es troba amb la mar, creant un ecosistema mediterrani de gran diversitat floral. Les abelles liben el n\u00e8ctar del roman\u00ed, el tim\u00f3, l\u2019esp\u00edgol i el taronger, donant lloc a una mel de car\u00e0cter suau i [&hellip;]<\/p>\n","protected":false},"author":1,"featured_media":0,"parent":0,"menu_order":0,"comment_status":"closed","ping_status":"closed","template":"elementor_header_footer","meta":{"_acf_changed":false,"footnotes":""},"class_list":["post-818","page","type-page","status-publish","hentry"],"aioseo_notices":[],"acf":[],"_links":{"self":[{"href":"https:\/\/www.mosdebresca.com\/ca\/wp-json\/wp\/v2\/pages\/818","targetHints":{"allow":["GET"]}}],"collection":[{"href":"https:\/\/www.mosdebresca.com\/ca\/wp-json\/wp\/v2\/pages"}],"about":[{"href":"https:\/\/www.mosdebresca.com\/ca\/wp-json\/wp\/v2\/types\/page"}],"author":[{"embeddable":true,"href":"https:\/\/www.mosdebresca.com\/ca\/wp-json\/wp\/v2\/users\/1"}],"replies":[{"embeddable":true,"href":"https:\/\/www.mosdebresca.com\/ca\/wp-json\/wp\/v2\/comments?post=818"}],"version-history":[{"count":7,"href":"https:\/\/www.mosdebresca.com\/ca\/wp-json\/wp\/v2\/pages\/818\/revisions"}],"predecessor-version":[{"id":975,"href":"https:\/\/www.mosdebresca.com\/ca\/wp-json\/wp\/v2\/pages\/818\/revisions\/975"}],"wp:attachment":[{"href":"https:\/\/www.mosdebresca.com\/ca\/wp-json\/wp\/v2\/media?parent=818"}],"curies":[{"name":"wp","href":"https:\/\/api.w.org\/{rel}","templated":true}]}}