{"id":834,"date":"2025-10-16T12:46:21","date_gmt":"2025-10-16T10:46:21","guid":{"rendered":"https:\/\/www.mosdebresca.com\/penyagolosa\/"},"modified":"2025-11-12T12:53:05","modified_gmt":"2025-11-12T11:53:05","slug":"penyagolosa","status":"publish","type":"page","link":"https:\/\/www.mosdebresca.com\/ca\/penyagolosa\/","title":{"rendered":"Penyagolosa"},"content":{"rendered":"\t\t<div data-elementor-type=\"wp-page\" data-elementor-id=\"834\" class=\"elementor elementor-834\" data-elementor-post-type=\"page\">\n\t\t\t\t<div class=\"elementor-element elementor-element-555cfac3 e-flex e-con-boxed e-con e-parent\" data-id=\"555cfac3\" data-element_type=\"container\" data-settings=\"{&quot;background_background&quot;:&quot;classic&quot;}\">\n\t\t\t\t\t<div class=\"e-con-inner\">\n\t\t<div class=\"elementor-element elementor-element-35a73ce0 e-con-full e-flex e-con e-child\" data-id=\"35a73ce0\" data-element_type=\"container\">\n\t\t\t\t<div class=\"elementor-element elementor-element-7cf27706 elementor-widget elementor-widget-heading\" data-id=\"7cf27706\" data-element_type=\"widget\" data-widget_type=\"heading.default\">\n\t\t\t\t\t<h2 class=\"elementor-heading-title elementor-size-default\">Penyagolosa<\/h2>\t\t\t\t<\/div>\n\t\t\t\t<div class=\"elementor-element elementor-element-22a6eb43 elementor-widget elementor-widget-heading\" data-id=\"22a6eb43\" data-element_type=\"widget\" data-widget_type=\"heading.default\">\n\t\t\t\t\t<p class=\"elementor-heading-title elementor-size-default\">APICULTURA RESPECTUOSA<\/p>\t\t\t\t<\/div>\n\t\t\t\t<div class=\"elementor-element elementor-element-2d6733ee elementor-widget elementor-widget-text-editor\" data-id=\"2d6733ee\" data-element_type=\"widget\" data-widget_type=\"text-editor.default\">\n\t\t\t\t\t\t\t\t\t<p data-start=\"122\" data-end=\"311\"><strong data-start=\"122\" data-end=\"172\">Mels recol\u00b7lectades a l\u2019entorn del Penyagolosa<\/strong>, el mass\u00eds m\u00e9s emblem\u00e0tic de l\u2019interior de Castell\u00f3, on l\u2019altitud i el clima de muntanya afavorixen una <strong data-start=\"277\" data-end=\"308\">flora silvestre excepcional<\/strong>.<\/p><p data-start=\"313\" data-end=\"514\">Les abelles liben el n\u00e8ctar del <strong data-start=\"345\" data-end=\"386\">roman\u00ed, el tim\u00f3, l\u2019espliego i el bruc<\/strong>, donant origen a una <strong data-start=\"408\" data-end=\"435\">mel intensa i arom\u00e0tica<\/strong>, reflex aut\u00e8ntic del <strong data-start=\"457\" data-end=\"511\">paisatge muntany\u00f3s i mediterrani de l\u2019Alt Maestrat<\/strong>.<\/p>\t\t\t\t\t\t\t\t<\/div>\n\t\t\t\t<\/div>\n\t\t\t\t\t<\/div>\n\t\t\t\t<\/div>\n\t\t<div class=\"elementor-element elementor-element-7cf04e52 e-flex e-con-boxed e-con e-parent\" data-id=\"7cf04e52\" data-element_type=\"container\">\n\t\t\t\t\t<div class=\"e-con-inner\">\n\t\t<div class=\"elementor-element elementor-element-37256ad6 e-con-full e-flex e-con e-child\" data-id=\"37256ad6\" data-element_type=\"container\" data-settings=\"{&quot;background_background&quot;:&quot;classic&quot;}\">\n\t\t<div class=\"elementor-element elementor-element-2d4888fe e-con-full e-flex e-con e-child\" data-id=\"2d4888fe\" data-element_type=\"container\">\n\t\t<div class=\"elementor-element elementor-element-1442e316 e-con-full e-flex e-con e-child\" data-id=\"1442e316\" data-element_type=\"container\">\n\t\t\t\t<div class=\"elementor-element elementor-element-46978322 elementor-widget elementor-widget-heading\" data-id=\"46978322\" data-element_type=\"widget\" data-widget_type=\"heading.default\">\n\t\t\t\t\t<p class=\"elementor-heading-title elementor-size-default\">PENYAGOLOSA<\/p>\t\t\t\t<\/div>\n\t\t\t\t<\/div>\n\t\t\t\t<div class=\"elementor-element elementor-element-3d041b2c elementor-widget elementor-widget-text-editor\" data-id=\"3d041b2c\" data-element_type=\"widget\" data-widget_type=\"text-editor.default\">\n\t\t\t\t\t\t\t\t\t<p data-start=\"135\" data-end=\"467\">A Mos de Bresca produ\u00efm mel ecol\u00f2gica de muntanya al cor del Penyagolosa, on els boscos de pi, el tim\u00f3 i el bruc conviuen sota un clima pur i temperat. En este entorn privilegiat, les nostres abelles troben una flora silvestre rica i variada que es tradu\u00efx en una mel d\u2019aromes intensos i matisos \u00fanics.<\/p><p data-start=\"469\" data-end=\"847\">Cada extracci\u00f3 es realitza de manera artesanal, sense pressa i amb el m\u00e0xim respecte per l\u2019equilibri natural del colmenar. No escalfem ni filtrem en exc\u00e9s la mel per tal de conservar intactes les seues propietats i el seu sabor aut\u00e8ntic. El resultat \u00e9s una mel que expressa fidelment l\u2019ess\u00e8ncia de l\u2019interior de Castell\u00f3: natural, neta i plena de vida.<\/p>\t\t\t\t\t\t\t\t<\/div>\n\t\t\t\t<\/div>\n\t\t\t\t<\/div>\n\t\t<div class=\"elementor-element elementor-element-5f70b16b e-con-full e-flex e-con e-child\" data-id=\"5f70b16b\" data-element_type=\"container\">\n\t\t\t\t<div class=\"elementor-element elementor-element-9fc315f elementor-widget elementor-widget-video\" data-id=\"9fc315f\" data-element_type=\"widget\" data-settings=\"{&quot;youtube_url&quot;:&quot;https:\\\/\\\/www.youtube.com\\\/watch?v=FFp-SuohGeo&amp;feature=youtu.be&quot;,&quot;video_type&quot;:&quot;youtube&quot;,&quot;controls&quot;:&quot;yes&quot;}\" data-widget_type=\"video.default\">\n\t\t\t\t\t\t\t<div class=\"elementor-wrapper elementor-open-inline\">\n\t\t\t<div class=\"elementor-video\"><\/div>\t\t<\/div>\n\t\t\t\t\t\t<\/div>\n\t\t\t\t<\/div>\n\t\t\t\t\t<\/div>\n\t\t\t\t<\/div>\n\t\t<div class=\"elementor-element elementor-element-dac917e e-flex e-con-boxed e-con e-parent\" data-id=\"dac917e\" data-element_type=\"container\">\n\t\t\t\t\t<div class=\"e-con-inner\">\n\t\t\t\t<div class=\"elementor-element elementor-element-e5cb14c elementor-widget elementor-widget-video\" data-id=\"e5cb14c\" data-element_type=\"widget\" data-settings=\"{&quot;youtube_url&quot;:&quot;https:\\\/\\\/www.youtube.com\\\/watch?v=hhmJ-zAv6tk&quot;,&quot;video_type&quot;:&quot;youtube&quot;,&quot;controls&quot;:&quot;yes&quot;}\" data-widget_type=\"video.default\">\n\t\t\t\t\t\t\t<div class=\"elementor-wrapper elementor-open-inline\">\n\t\t\t<div class=\"elementor-video\"><\/div>\t\t<\/div>\n\t\t\t\t\t\t<\/div>\n\t\t\t\t\t<\/div>\n\t\t\t\t<\/div>\n\t\t<div class=\"elementor-element elementor-element-a1f79c6 e-con-full e-flex e-con e-parent\" data-id=\"a1f79c6\" data-element_type=\"container\" data-settings=\"{&quot;background_background&quot;:&quot;classic&quot;}\">\n\t\t<div class=\"elementor-element elementor-element-a0df0b4 e-con-full e-flex e-con e-child\" data-id=\"a0df0b4\" data-element_type=\"container\">\n\t\t<div class=\"elementor-element elementor-element-50bfb4d e-con-full e-flex e-con e-child\" data-id=\"50bfb4d\" data-element_type=\"container\">\n\t\t\t\t<div class=\"elementor-element elementor-element-101a50a elementor-widget elementor-widget-heading\" data-id=\"101a50a\" data-element_type=\"widget\" data-widget_type=\"heading.default\">\n\t\t\t\t\t<h1 class=\"elementor-heading-title elementor-size-default\">QUALITAT PREMIUM<\/h1>\t\t\t\t<\/div>\n\t\t\t\t<div class=\"elementor-element elementor-element-d04f352 elementor-widget elementor-widget-heading\" data-id=\"d04f352\" data-element_type=\"widget\" data-widget_type=\"heading.default\">\n\t\t\t\t\t<h1 class=\"elementor-heading-title elementor-size-default\">MEL CRUA I ECOL\u00d2GICA<\/h1>\t\t\t\t<\/div>\n\t\t\t\t<\/div>\n\t\t<div class=\"elementor-element elementor-element-af4db2d e-con-full e-flex e-con e-child\" data-id=\"af4db2d\" data-element_type=\"container\">\n\t\t\t\t<div class=\"elementor-element elementor-element-f06e9d1 elementor-widget elementor-widget-text-editor\" data-id=\"f06e9d1\" data-element_type=\"widget\" data-widget_type=\"text-editor.default\">\n\t\t\t\t\t\t\t\t\t<p data-start=\"96\" data-end=\"285\">La nostra mel mant\u00e9 totes les seues propietats intactes perqu\u00e8 no est\u00e0 filtrada, reescalfada ni pasteuritzada. A m\u00e9s, la produ\u00efm seguint els est\u00e0ndards ecol\u00f2gics europeus.<\/p><p data-start=\"287\" data-end=\"425\">Disposem d\u2019una sala pr\u00f2pia d\u2019extracci\u00f3 i envasat, que ens permet garantir la m\u00e0xima cura en este proc\u00e9s totalment artesanal<\/p>\t\t\t\t\t\t\t\t<\/div>\n\t\t\t\t<div class=\"elementor-element elementor-element-12891a9 elementor-align-center elementor-widget__width-initial elementor-widget elementor-widget-button\" data-id=\"12891a9\" data-element_type=\"widget\" data-widget_type=\"button.default\">\n\t\t\t\t\t\t\t\t\t\t<a class=\"elementor-button elementor-button-link elementor-size-sm\" href=\"\/ca\/contacte\">\n\t\t\t\t\t\t<span class=\"elementor-button-content-wrapper\">\n\t\t\t\t\t\t\t\t\t<span class=\"elementor-button-text\">Contacta\u2019ns<\/span>\n\t\t\t\t\t<\/span>\n\t\t\t\t\t<\/a>\n\t\t\t\t\t\t\t\t<\/div>\n\t\t\t\t<\/div>\n\t\t\t\t<\/div>\n\t\t\t\t<\/div>\n\t\t\t\t<\/div>\n\t\t","protected":false},"excerpt":{"rendered":"<p>Penyagolosa APICULTURA RESPECTUOSA Mels recol\u00b7lectades a l\u2019entorn del Penyagolosa, el mass\u00eds m\u00e9s emblem\u00e0tic de l\u2019interior de Castell\u00f3, on l\u2019altitud i el clima de muntanya afavorixen una flora silvestre excepcional. Les abelles liben el n\u00e8ctar del roman\u00ed, el tim\u00f3, l\u2019espliego i el bruc, donant origen a una mel intensa i arom\u00e0tica, reflex aut\u00e8ntic del paisatge muntany\u00f3s [&hellip;]<\/p>\n","protected":false},"author":1,"featured_media":0,"parent":0,"menu_order":0,"comment_status":"closed","ping_status":"closed","template":"elementor_header_footer","meta":{"_acf_changed":false,"footnotes":""},"class_list":["post-834","page","type-page","status-publish","hentry"],"aioseo_notices":[],"acf":[],"_links":{"self":[{"href":"https:\/\/www.mosdebresca.com\/ca\/wp-json\/wp\/v2\/pages\/834","targetHints":{"allow":["GET"]}}],"collection":[{"href":"https:\/\/www.mosdebresca.com\/ca\/wp-json\/wp\/v2\/pages"}],"about":[{"href":"https:\/\/www.mosdebresca.com\/ca\/wp-json\/wp\/v2\/types\/page"}],"author":[{"embeddable":true,"href":"https:\/\/www.mosdebresca.com\/ca\/wp-json\/wp\/v2\/users\/1"}],"replies":[{"embeddable":true,"href":"https:\/\/www.mosdebresca.com\/ca\/wp-json\/wp\/v2\/comments?post=834"}],"version-history":[{"count":7,"href":"https:\/\/www.mosdebresca.com\/ca\/wp-json\/wp\/v2\/pages\/834\/revisions"}],"predecessor-version":[{"id":978,"href":"https:\/\/www.mosdebresca.com\/ca\/wp-json\/wp\/v2\/pages\/834\/revisions\/978"}],"wp:attachment":[{"href":"https:\/\/www.mosdebresca.com\/ca\/wp-json\/wp\/v2\/media?parent=834"}],"curies":[{"name":"wp","href":"https:\/\/api.w.org\/{rel}","templated":true}]}}