{"id":913,"date":"2025-10-03T08:42:19","date_gmt":"2025-10-03T06:42:19","guid":{"rendered":"https:\/\/www.mosdebresca.com\/aviso-legal\/"},"modified":"2025-11-12T12:10:19","modified_gmt":"2025-11-12T11:10:19","slug":"avis-legal","status":"publish","type":"page","link":"https:\/\/www.mosdebresca.com\/ca\/avis-legal\/","title":{"rendered":"Aviso Legal"},"content":{"rendered":"\t\t<div data-elementor-type=\"wp-page\" data-elementor-id=\"913\" class=\"elementor elementor-913\" data-elementor-post-type=\"page\">\n\t\t\t\t<div class=\"elementor-element elementor-element-c1b770c e-flex e-con-boxed e-con e-parent\" data-id=\"c1b770c\" data-element_type=\"container\">\n\t\t\t\t\t<div class=\"e-con-inner\">\n\t\t\t\t<div class=\"elementor-element elementor-element-006c415 elementor-widget elementor-widget-text-editor\" data-id=\"006c415\" data-element_type=\"widget\" data-widget_type=\"text-editor.default\">\n\t\t\t\t\t\t\t\t\t<h1>Av\u00eds Legal<\/h1>\n<p>Amb la finalitat de donar compliment a l\u2019article 10 de la Llei 34\/2002 de Serveis de la Societat de la Informaci\u00f3 i del Comer\u00e7 Electr\u00f2nic, informem els usuaris de les nostres dades:<\/p>\n<ul>\n<li><strong>Denominaci\u00f3 social:<\/strong> SOMMEL APICULTURA MEDITERR\u00c0NIA, SL<\/li>\n<li><strong>Domicili social:<\/strong> MASIA DE PERE, N\u00daM. 1 12120 LLUCENA\/LUCENA DEL CID (CASTELL\u00d3)<\/li>\n<li><strong>NIF:<\/strong> B09832189<\/li>\n<li><strong>Tel\u00e8fon:<\/strong> 610 87 71 13<\/li>\n<li><strong>Correu electr\u00f2nic:<\/strong> mosdebresca@gmail.com<\/li>\n<li><strong>Lloc web:<\/strong> <a href=\"https:\/\/mosdebresca.com\/\">https:\/\/mosdebresca.com\/<\/a><\/li>\n<\/ul><div><br><\/div>\n<p><strong>OBJECTE<\/strong><\/p>\n<p>SOMMEL APICULTURA MEDITERR\u00c0NIA, SL (d\u2019ara endavant tamb\u00e9 el prestador), com a responsable del lloc web, posa a disposici\u00f3 dels usuaris el present document, que regula l\u2019\u00fas del lloc web https:\/\/mosdebresca.com\/, donant aix\u00ed compliment al que s\u2019estableix en la Llei 34\/2002, de Serveis de la Societat de la Informaci\u00f3 i del Comer\u00e7 Electr\u00f2nic (LSSICE o LSSI), aix\u00ed com per a informar tots els usuaris del lloc web de les seues condicions d\u2019\u00fas.<\/p>\n<p>L\u2019acc\u00e9s i utilitzaci\u00f3 d\u2019aquest lloc web atribueix al visitant la condici\u00f3 d\u2019usuari. Aix\u00f2 suposa que l\u2019usuari accepta les condicions d\u2019\u00fas vigents en cada moment i es compromet a fer un \u00fas adequat dels continguts del lloc web, aix\u00ed com a observar i complir rigorosament tot all\u00f2 disposat en aquest av\u00eds i en les normes que siguen d\u2019aplicaci\u00f3.<\/p>\n<p>\u00c9s obligaci\u00f3 dels usuaris llegir i observar el contingut del present av\u00eds legal, informant-los que aquest pot patir modificacions com a conseq\u00fc\u00e8ncia de l\u2019adaptaci\u00f3 del mateix per part del titular del portal web a la normativa vigent en cada moment. Per aix\u00f2, li informem que sense previ av\u00eds, el titular del web podr\u00e0 modificar-ne el contingut.<\/p>\n<p><strong>CONDICIONS D\u2019\u00daS DEL WEB<\/strong><\/p>\n<p>La utilitzaci\u00f3 del present web t\u00e9 car\u00e0cter gratu\u00eft, i per al seu \u00fas no s\u2019exigeix subscripci\u00f3 pr\u00e8via. No obstant aix\u00f2, per a alguns serveis es requerir\u00e0 l\u2019emplenament d\u2019algun formulari (per exemple, per adquirir productes o rebre informaci\u00f3). Aquest registre es far\u00e0 en les condicions indicades a la secci\u00f3 corresponent.<\/p>\n<p>L\u2019usuari es compromet que tota la informaci\u00f3 que facilite siga vera\u00e7 i es trobe actualitzada en tot moment, declinant qualsevol tipus de responsabilitat per part del titular del web com a conseq\u00fc\u00e8ncia de la falsedat d\u2019aquesta informaci\u00f3.<\/p>\n<p>En cas que l\u2019usuari siga menor d\u2019edat, haur\u00e0 d\u2019obtenir sempre el consentiment expr\u00e9s i previ dels seus pares, tutors o representants legals per a realitzar qualsevol acte.<\/p>\n<p>L\u2019usuari es compromet a utilitzar el web conforme a la Llei i al present Av\u00eds Legal. En aquest sentit, no difondr\u00e0 continguts contraris a la llei o a la dignitat de la persona; que siguen discriminatoris per ra\u00f3 de naixement, ra\u00e7a, sexe, religi\u00f3, opini\u00f3 o qualsevol altra condici\u00f3 o circumst\u00e0ncia personal o social; o que, de qualsevol manera, siguen contraris a la llei, a l\u2019ordre p\u00fablic, a la moral o a les bones costums.<\/p>\n<p><strong>EXCLUSI\u00d3 DE GARANTIES I RESPONSABILITAT<\/strong><\/p>\n<p>El titular del present web queda exempt de responsabilitat en aquells casos en qu\u00e8 la informaci\u00f3 subministrada siga falsa, o aquella que haja sigut manipulada per tercers.<\/p>\n<p>Aix\u00ed mateix, el titular del portal web declina qualsevol responsabilitat que puga sorgir com a conseq\u00fc\u00e8ncia d\u2019un funcionament erroni del mateix, com a resultat de virus, programes maliciosos o perjudicials en els continguts; o d\u2019un \u00fas il\u00b7l\u00edcit, negligent, fraudulent o contrari al present Av\u00eds Legal i condicions d\u2019\u00fas.<\/p>\n<p><strong>COOKIES<\/strong><\/p>\n<p>El lloc web del prestador pot utilitzar cookies (xicotets fitxers d\u2019informaci\u00f3 que el servidor envia a l\u2019ordinador de qui accedeix a la p\u00e0gina) per a dur a terme determinades funcions considerades imprescindibles per al correcte funcionament i visualitzaci\u00f3 del lloc. Les cookies utilitzades tenen, en tot cas, car\u00e0cter temporal, amb la finalitat \u00fanica de fer m\u00e9s efica\u00e7 la navegaci\u00f3, i desapareixen en acabar la sessi\u00f3 de l\u2019usuari.<\/p>\n<p>En cap cas s\u2019utilitzaran les cookies per arreplegar informaci\u00f3 de car\u00e0cter personal.<\/p>\n<p>Per a m\u00e9s informaci\u00f3, veja la nostra <a href=\"\/politica-de-cookies\/\">Pol\u00edtica de Cookies<\/a>.<\/p>\n<p><strong>POL\u00cdTICA D\u2019ENLLA\u00c7OS (LINKS)<\/strong><\/p>\n<p>El lloc web pot contindre enlla\u00e7os a altres llocs web amb pol\u00edtiques de privacitat diferents a la d\u2019aquest. SOMMEL APICULTURA MEDITERR\u00c0NIA, SL no es fa responsable del contingut ni de les pr\u00e0ctiques dels llocs enlla\u00e7ats i es recomana a l\u2019usuari la lectura detallada de la pol\u00edtica de privacitat de qualsevol lloc web al qual accedisca des d\u2019aquest.<\/p>\n<p><strong>PROTECCI\u00d3 DE DADES PERSONALS<\/strong><\/p>\n<p>El titular del portal web garanteix el compliment \u00edntegre de les obligacions vigents, aix\u00ed com la implementaci\u00f3 de les mesures de seguretat disposades pel Reglament Europeu de Protecci\u00f3 de Dades i la normativa espanyola de protecci\u00f3 de dades. Per a m\u00e9s informaci\u00f3, veja la nostra <a href=\"\/politica-privacidad\/\">Pol\u00edtica de Privacitat<\/a>.<\/p>\n<p><strong>PROPIETAT INTEL\u00b7LECTUAL I INDUSTRIAL<\/strong><\/p>\n<p>L\u2019usuari reconeix i accepta que tots els continguts que es mostren en el lloc web i, especialment, dissenys, textos, imatges, logotips, icones, botons, programari, noms comercials, marques o qualsevol altre signe susceptible d\u2019utilitzaci\u00f3 industrial i\/o comercial, estan subjectes a drets de propietat intel\u00b7lectual. Totes les marques, noms comercials o signes distintius, aix\u00ed com els drets de propietat industrial i intel\u00b7lectual sobre els continguts i\/o qualsevol altre element inserit en la p\u00e0gina, s\u00f3n propietat exclusiva del titular del portal web i\/o de tercers, que tenen el dret exclusiu d\u2019utilitzar-los en el tr\u00e0fic econ\u00f2mic. Per tot aix\u00f2, l\u2019usuari es compromet a no reproduir, copiar, distribuir, posar a disposici\u00f3 o comunicar p\u00fablicament, transformar o modificar aquests continguts, mantenint indemne a SOMMEL APICULTURA MEDITERR\u00c0NIA, SL de qualsevol reclamaci\u00f3 derivada de l\u2019incompliment d\u2019aquestes obligacions. En cap cas l\u2019acc\u00e9s al lloc web implica cap tipus de ren\u00fancia, transmissi\u00f3, llic\u00e8ncia o cessi\u00f3 total ni parcial d\u2019aquests drets, llevat que s\u2019establisca expressament el contrari.<\/p>\n<p>Els continguts, textos, fotografies, dissenys, logotips, imatges, programes d\u2019ordinador, codis font i, en general, qualsevol creaci\u00f3 intel\u00b7lectual existent en aquest lloc, aix\u00ed com el mateix lloc web com a obra art\u00edstica multim\u00e8dia, estan protegits per la legislaci\u00f3 sobre propietat intel\u00b7lectual. SOMMEL APICULTURA MEDITERR\u00c0NIA, SL \u00e9s titular dels elements que integren el disseny gr\u00e0fic del lloc web: men\u00fas, botons de navegaci\u00f3, codi HTML, textos, imatges, textures, gr\u00e0fics i qualsevol altre contingut, o disposa de l\u2019autoritzaci\u00f3 corresponent per al seu \u00fas.<\/p>\n<p>El contingut del lloc web no podr\u00e0 ser reprodu\u00eft ni totalment ni parcialment, ni transm\u00e9s ni registrat per cap sistema de recuperaci\u00f3 d\u2019informaci\u00f3, en cap forma ni per cap mitj\u00e0, sense autoritzaci\u00f3 pr\u00e8via i per escrit de l\u2019entitat esmentada.<\/p>\n<p>Aix\u00ed mateix, queda prohibit suprimir, eludir i\/o manipular el \u201ccopyright\u201d, aix\u00ed com els dispositius t\u00e8cnics de protecci\u00f3 o qualsevol mecanisme d\u2019informaci\u00f3 que puguen contindre els continguts. L\u2019usuari del lloc web es compromet a respectar els drets esmentats i a evitar qualsevol actuaci\u00f3 que puga perjudicar-los, reservant-se en tot cas SOMMEL APICULTURA MEDITERR\u00c0NIA, SL l\u2019exercici de quantes accions legals li corresponguen en defensa dels seus leg\u00edtims drets de propietat intel\u00b7lectual i industrial.<\/p>\n<p><strong>LLEI APLICABLE<\/strong><\/p>\n<p>La llei aplicable en cas de disputa o conflicte d\u2019interpretaci\u00f3 dels termes que conformen aquest av\u00eds legal, aix\u00ed com qualsevol q\u00fcesti\u00f3 relacionada amb els serveis d\u2019aquest portal, ser\u00e0 la llei espanyola.<\/p>\t\t\t\t\t\t\t\t<\/div>\n\t\t\t\t\t<\/div>\n\t\t\t\t<\/div>\n\t\t\t\t<\/div>\n\t\t","protected":false},"excerpt":{"rendered":"<p>Av\u00eds Legal Amb la finalitat de donar compliment a l\u2019article 10 de la Llei 34\/2002 de Serveis de la Societat de la Informaci\u00f3 i del Comer\u00e7 Electr\u00f2nic, informem els usuaris de les nostres dades: Denominaci\u00f3 social: SOMMEL APICULTURA MEDITERR\u00c0NIA, SL Domicili social: MASIA DE PERE, N\u00daM. 1 12120 LLUCENA\/LUCENA DEL CID (CASTELL\u00d3) NIF: B09832189 Tel\u00e8fon: [&hellip;]<\/p>\n","protected":false},"author":1,"featured_media":0,"parent":0,"menu_order":0,"comment_status":"closed","ping_status":"closed","template":"elementor_header_footer","meta":{"_acf_changed":false,"footnotes":""},"class_list":["post-913","page","type-page","status-publish","hentry"],"aioseo_notices":[],"acf":[],"_links":{"self":[{"href":"https:\/\/www.mosdebresca.com\/ca\/wp-json\/wp\/v2\/pages\/913","targetHints":{"allow":["GET"]}}],"collection":[{"href":"https:\/\/www.mosdebresca.com\/ca\/wp-json\/wp\/v2\/pages"}],"about":[{"href":"https:\/\/www.mosdebresca.com\/ca\/wp-json\/wp\/v2\/types\/page"}],"author":[{"embeddable":true,"href":"https:\/\/www.mosdebresca.com\/ca\/wp-json\/wp\/v2\/users\/1"}],"replies":[{"embeddable":true,"href":"https:\/\/www.mosdebresca.com\/ca\/wp-json\/wp\/v2\/comments?post=913"}],"version-history":[{"count":4,"href":"https:\/\/www.mosdebresca.com\/ca\/wp-json\/wp\/v2\/pages\/913\/revisions"}],"predecessor-version":[{"id":920,"href":"https:\/\/www.mosdebresca.com\/ca\/wp-json\/wp\/v2\/pages\/913\/revisions\/920"}],"wp:attachment":[{"href":"https:\/\/www.mosdebresca.com\/ca\/wp-json\/wp\/v2\/media?parent=913"}],"curies":[{"name":"wp","href":"https:\/\/api.w.org\/{rel}","templated":true}]}}