{"id":928,"date":"2025-10-03T08:51:54","date_gmt":"2025-10-03T06:51:54","guid":{"rendered":"https:\/\/www.mosdebresca.com\/politica-de-privacidad\/"},"modified":"2025-11-12T12:31:12","modified_gmt":"2025-11-12T11:31:12","slug":"politica-de-privacitat","status":"publish","type":"page","link":"https:\/\/www.mosdebresca.com\/ca\/politica-de-privacitat\/","title":{"rendered":"Pol\u00edtica de Privacidad"},"content":{"rendered":"\t\t<div data-elementor-type=\"wp-page\" data-elementor-id=\"928\" class=\"elementor elementor-928\" data-elementor-post-type=\"page\">\n\t\t\t\t<div class=\"elementor-element elementor-element-155015b e-flex e-con-boxed e-con e-parent\" data-id=\"155015b\" data-element_type=\"container\">\n\t\t\t\t\t<div class=\"e-con-inner\">\n\t\t\t\t<div class=\"elementor-element elementor-element-c29f226 elementor-widget elementor-widget-text-editor\" data-id=\"c29f226\" data-element_type=\"widget\" data-widget_type=\"text-editor.default\">\n\t\t\t\t\t\t\t\t\t<p>\u00a0<\/p><div><div data-elementor-type=\"wp-page\" data-elementor-id=\"227\" data-elementor-post-type=\"page\"><div data-id=\"5cffa13\" data-element_type=\"container\"><div data-id=\"04ca33f\" data-element_type=\"widget\" data-widget_type=\"template.default\"><div data-elementor-type=\"page\" data-elementor-id=\"224\" data-elementor-post-type=\"elementor_library\"><section data-id=\"70276188\" data-element_type=\"section\"><div data-id=\"1f29af87\" data-element_type=\"column\"><div data-id=\"1f2f5bc3\" data-element_type=\"widget\" data-widget_type=\"text-editor.default\"><h5><strong><u>POL\u00cdTICA DE PRIVACITAT<\/u><\/strong><\/h5><p>\u00a0<\/p><p><strong>INTRODUCCI\u00d3<\/strong><\/p><p>Amb la present pol\u00edtica, procedim a informar-vos de les dades que recopilem dels usuaris, aix\u00ed com de la utilitzaci\u00f3 i finalitat que fem d\u2019elles.<\/p><p>En este sentit, vos informem que mai vos sol\u00b7licitarem m\u00e9s informaci\u00f3 de la que realment necessitem per als serveis requerits; esta informaci\u00f3 no ser\u00e0 compartida amb tercers, llevat d\u2019obligaci\u00f3 legal o recaptant pr\u00e8viament la vostra autoritzaci\u00f3 expressa. Aix\u00ed mateix, mai utilitzarem les dades que ens pugueu proporcionar per a una finalitat distinta a la comunicada.<\/p><p>\u00c9s responsabilitat de l\u2019usuari d\u2019esta web llegir i seguir atentament all\u00f2 indicat en la present pol\u00edtica de privacitat, tant en el primer acc\u00e9s que puga realitzar a esta web com en aquells casos en qu\u00e8 torne a introduir noves dades personals, ja que esta informaci\u00f3 pot patir modificacions amb l\u2019objectiu de complir la normativa vigent aix\u00ed com les seues possibles actualitzacions, sense que tinguem l\u2019obligaci\u00f3 d\u2019avisar o posar en coneixement dels usuaris estes modificacions, sent suficient la publicaci\u00f3 en el lloc web del prestador.<\/p><p><strong>RESPONSABLE DEL TRACTAMENT<\/strong><\/p><ul><li><strong>Denominaci\u00f3 Social: <\/strong>SOMMEL APICULTURA MEDITERR\u00c0NIA, SL<\/li><li><strong>Domicili Social: <\/strong>MASIA DE PERE, N\u00daM. 1<br \/>12120 LLUCENA\/LUCENA DEL CID (CASTELL\u00d3)<strong><br \/><\/strong><\/li><li><strong>NIF<\/strong>: B09832189<\/li><li><strong>Correu electr\u00f2nic:<\/strong> mosdebresca@gmail.com<\/li><\/ul><p>SOMMEL APICULTURA MEDITERR\u00c0NIA, SL com a responsable del lloc web, de conformitat amb el que disposa el Reglament (UE) 2016\/679 de 27 d\u2019abril de 2016 (RGPD) relatiu a la protecci\u00f3 de les persones f\u00edsiques pel que fa al tractament de dades personals i a la lliure circulaci\u00f3 d\u2019estes dades i la resta de normativa vigent en mat\u00e8ria de protecci\u00f3 de dades personals, i per la Llei 34\/2002, d\u201911 de juliol, de Serveis de la Societat de la Informaci\u00f3 i del Comer\u00e7 Electr\u00f2nic (LSSICE), vos informa que t\u00e9 implementades les mesures de seguretat necess\u00e0ries, tant t\u00e8cniques com organitzatives, per a garantir i protegir la confidencialitat, integritat i disponibilitat de les dades introdu\u00efdes.<\/p><p><strong>OBTENCI\u00d3 I TIPOLOGIA DE DADES<\/strong><\/p><p>Les dades que recollim s\u00f3n aquelles que l\u2019usuari de la web accedix a facilitar-nos, i aquelles que s\u00f3n necess\u00e0ries per poder oferir-li el servei requerit, si \u00e9s el cas. La forma d\u2019obtindre-les \u00e9s a trav\u00e9s de l\u2019emplenament del formulari de contacte, o b\u00e9 dels serveis de newsletter que puguem oferir. La tipologia d\u2019estes dades ser\u00e0, per tant, el vostre nom, DNI, tel\u00e8fon, dades professionals, dades banc\u00e0ries (per efectuar, si \u00e9s el cas, algun pagament), etc.<\/p><p>En este sentit, vos informem que esta tipologia de dades no es troba dins de la categoria de dades especialment protegides.<\/p><p><strong>FINALITAT DEL TRACTAMENT<\/strong><\/p><p>Les vostres dades personals nom\u00e9s s\u2019utilitzaran per a les finalitats indicades a continuaci\u00f3, prestant el vostre consentiment per a cadascuna d\u2019elles en l\u2019apartat corresponent de la web:<\/p><p>En cas d\u2019emplenar el formulari de contacte, la finalitat del tractament \u00e9s atendre les possibles consultes o poder proporcionar-vos la informaci\u00f3 sol\u00b7licitada.<\/p><p>En cas d\u2019emplenar el formulari de subscripci\u00f3 al newsletter, la finalitat \u00e9s poder remetre-vos totes les comunicacions o publicitat pertinent, sempre que l\u2019usuari haja acceptat expressament este enviament.<\/p><p>Vos informem que en qualsevol moment podeu revocar el consentiment prestat. Per a aix\u00f2, haureu d\u2019enviar un correu electr\u00f2nic a l\u2019adre\u00e7a mosdebresca@gmail.com comunicant eixa revocaci\u00f3.<\/p><p>En este sentit, vos informem que SOMMEL APICULTURA MEDITERR\u00c0NIA, SL no realitza pr\u00e0ctiques de SPAM, \u00e9s a dir, mai enviem correus comercials quan no han sigut sol\u00b7licitats expressament amb anterioritat per l\u2019usuari.<\/p><p>Vos informem que no tractarem les vostres dades personals per a cap altra finalitat de les descrites, llevat d\u2019obligaci\u00f3 legal o requeriment judicial.<\/p><p><strong>LEGITIMACI\u00d3 DEL TRACTAMENT<\/strong><\/p><p>La base legal per al tractament de les dades \u00e9s el vostre consentiment expr\u00e9s que l\u2019usuari proporciona en el moment d\u2019emplenar el formulari corresponent per poder rebre la informaci\u00f3 sol\u00b7licitada. Si l\u2019usuari no proporciona les dades aix\u00ed com el consentiment, suposar\u00e0 la impossibilitat d\u2019aconseguir les finalitats anteriorment descrites.<\/p><p>En els casos en qu\u00e8 existisca una relaci\u00f3 contractual entre les parts, la legitimaci\u00f3 per al desenvolupament de les obligacions derivades de la mateixa ser\u00e0 l\u2019exist\u00e8ncia de la relaci\u00f3 comercial establida entre les parts.<\/p><p>L\u2019oferta prospectiva o comercial de productes i serveis est\u00e0 basada en el consentiment que se vos sol\u00b7licita, sense que en cap cas la retirada d\u2019este consentiment condicione l\u2019execuci\u00f3 del contracte de subscripci\u00f3.<\/p><p><strong>TERMINI DE CONSERVACI\u00d3 DE LES DADES:<\/strong><\/p><p>Les vostres dades es conservaran mentre dure la relaci\u00f3 comercial amb nosaltres o exerciteu el vostre dret de cancel\u00b7laci\u00f3, oposici\u00f3 o limitaci\u00f3 al tractament. Aix\u00ed mateix, conservarem les dades durant els terminis legalment previstos en les disposicions aplicables.<\/p><p><strong>DESTINATARIS DE CESSIONS O TRANSFER\u00c8NCIES<\/strong><\/p><p>Vos informem que no realitzem cessi\u00f3, comunicaci\u00f3 o transfer\u00e8ncia de les dades personals que ens proporcioneu a cap estat ni a tercers. \u00danicament seran comunicades dites dades per mandat judicial o per normativa legal.<\/p><p>La informaci\u00f3 facilitada ser\u00e0 nom\u00e9s la que dispose en este moment el prestador.<\/p><p><strong>DRETS DE LES PERSONES INTERESSADES<\/strong><\/p><p>Com a interessat, teniu els seg\u00fcents drets, de conformitat amb el Reglament General de Protecci\u00f3 de Dades (RGPD):<\/p><ul><li>Art. 15 RGPD: el dret, en la mesura indicada, d\u2019obtindre informaci\u00f3 sobre les dades personals que vos concernisquen i que tractem;<\/li><li>Art. 16 RGPD: el dret a obtindre sense dilaci\u00f3 indeguda la rectificaci\u00f3 o que es completen les dades personals que vos concernisquen;<\/li><li>Art. 17 RGPD: el dret a obtindre la supressi\u00f3 de les dades personals que vos concernisquen, sempre que el tractament no siga necessari:<ul><li>per exercir el dret a la llibertat d\u2019expressi\u00f3 i informaci\u00f3,<\/li><li>per al compliment d\u2019una obligaci\u00f3 legal,<\/li><li>per raons d\u2019inter\u00e9s p\u00fablic, o<\/li><li>per a la formulaci\u00f3, exercici o defensa de reclamacions;<\/li><\/ul><\/li><li>Art. 18 RGPD: el dret a obtindre la limitaci\u00f3 del tractament de les vostres dades quan<ul><li>l\u2019interessat impugne l\u2019exactitud de les dades,<\/li><li>el tractament siga il\u00b7l\u00edcit i vos oposeu a la supressi\u00f3 de les dades,<\/li><li>ja no necessitem les dades per\u00f2 vos les necessiteu per a la formulaci\u00f3, exercici o defensa de reclamacions, o<\/li><li>vos h\u00e0geu oposat al tractament en virtut de l\u2019article 21 RGPD;<\/li><\/ul><\/li><li>Art. 20 RGPD: el dret a rebre les dades personals que vos incumbisquen i que ens h\u00e0geu facilitat, en un format estructurat, d\u2019\u00fas com\u00fa i lectura mec\u00e0nica, o a demanar que es transmeten a un altre responsable;<\/li><li>Art. 77 RGPD: el dret a presentar una reclamaci\u00f3 davant una autoritat de control.<\/li><\/ul><p>Per regla general podeu dirigir-vos per aix\u00f2 a l\u2019autoritat de control del vostre lloc de resid\u00e8ncia o treball habitual o de la seu de la nostra empresa.<\/p><p><strong>A Espanya:<\/strong><\/p><ul><li>Ag\u00e8ncia Espanyola de Protecci\u00f3 de Dades (AEPD)<\/li><li>Carrer Jorge Juan, n\u00ba6<\/li><li>28001-Madrid<\/li><li>Tel\u00e8fon 901 100 099<\/li><li>https:\/\/www.aepd.es\/<\/li><\/ul><p>Com a usuari, teniu dret a retirar el consentiment prestat en qualsevol moment. La retirada del consentiment no afectar\u00e0 la licitud del tractament efectuat abans de la retirada.<\/p><p><strong>MESURES DE SEGURETAT<\/strong><\/p><p>Les dades que ens faciliteu es tractaran de manera absolutament confidencial. Des del portal web s\u2019han adoptat totes les mesures t\u00e8cniques i organitzatives, aix\u00ed com tots els nivells de protecci\u00f3 necessaris per garantir la seguretat en el tractament de les dades i evitar la seua alteraci\u00f3, p\u00e8rdua, robatori, tractament o acc\u00e9s no autoritzat, d\u2019acord amb l\u2019estat de la tecnologia i la naturalesa de les dades emmagatzemades. Aix\u00ed mateix, es garanteix tamb\u00e9 que el tractament i registre en fitxers, programes, sistemes o equips, locals i centres complixen amb els requisits i condicions d\u2019integritat i seguretat establits en la normativa vigent.<\/p><p><strong>XARXES SOCIALS<\/strong><\/p><p>Vos informem que SOMMEL APICULTURA MEDITERR\u00c0NIA, SL pot tindre pres\u00e8ncia en xarxes socials. El tractament de les dades que es duga a terme de les persones que es facen seguidores en les xarxes socials (i\/o realitzen qualsevol vincle o acci\u00f3 de connexi\u00f3 a trav\u00e9s de les xarxes socials) de les p\u00e0gines oficials d\u2019este portal web es regir\u00e0 per este apartat, aix\u00ed com per aquelles condicions d\u2019\u00fas, pol\u00edtiques de privacitat i normatives d\u2019acc\u00e9s que pertanguen a la xarxa social que corresponga en cada cas i acceptades pr\u00e8viament per l\u2019usuari.<\/p><p>Vos informem que tractarem les vostres dades amb la finalitat d\u2019administrar correctament la vostra pres\u00e8ncia en la xarxa social, informant-vos d\u2019activitats, productes o serveis del prestador, aix\u00ed com per a qualsevol altra finalitat que les normatives de les Xarxes Socials permeten.<\/p><p>Est\u00e0 terminantment prohibit publicar continguts que siguen il\u00b7l\u00edcits segons la normativa vigent, o aquells que contravinguen la bona pr\u00e0ctica comercial o la bona fe, aix\u00ed com aquells que atempten contra els drets fonamentals de les persones f\u00edsiques, incloent-hi tots aquells que el titular d\u2019este portal web considere inapropiats. En este sentit, vos informem que ens reservem la potestat de retirar, sense av\u00eds previ, aquells continguts que puguen ser inapropiats.<\/p><p><strong>CANVIS EN LA PRESENT POL\u00cdTICA DE PRIVACITAT<\/strong><\/p><p>El titular d\u2019este portal web es reserva el dret de modificar la present pol\u00edtica per adaptar-la a novetats legislatives o jurisprudencials.<\/p><p><strong>REVOCABILITAT<\/strong><\/p><p>El consentiment que l\u2019usuari preste pot ser revocat en qualsevol moment, en la forma descrita anteriorment. Esta revocaci\u00f3 tindr\u00e0 efectes des del moment de la correcta recepci\u00f3 de la mateixa per part del titular del portal web.<\/p><p><strong>LEGISLACI\u00d3<\/strong><\/p><p>Totes les relacions i condicions que afecten esta web estaran sotmeses a la legislaci\u00f3 espanyola.<\/p><\/div><\/div><\/section><\/div><\/div><\/div><\/div><\/div>\t\t\t\t\t\t\t\t<\/div>\n\t\t\t\t\t<\/div>\n\t\t\t\t<\/div>\n\t\t\t\t<\/div>\n\t\t","protected":false},"excerpt":{"rendered":"<p>\u00a0 POL\u00cdTICA DE PRIVACITAT \u00a0 INTRODUCCI\u00d3 Amb la present pol\u00edtica, procedim a informar-vos de les dades que recopilem dels usuaris, aix\u00ed com de la utilitzaci\u00f3 i finalitat que fem d\u2019elles. En este sentit, vos informem que mai vos sol\u00b7licitarem m\u00e9s informaci\u00f3 de la que realment necessitem per als serveis requerits; esta informaci\u00f3 no ser\u00e0 compartida [&hellip;]<\/p>\n","protected":false},"author":1,"featured_media":0,"parent":0,"menu_order":0,"comment_status":"closed","ping_status":"closed","template":"elementor_header_footer","meta":{"_acf_changed":false,"footnotes":""},"class_list":["post-928","page","type-page","status-publish","hentry"],"aioseo_notices":[],"acf":[],"_links":{"self":[{"href":"https:\/\/www.mosdebresca.com\/ca\/wp-json\/wp\/v2\/pages\/928","targetHints":{"allow":["GET"]}}],"collection":[{"href":"https:\/\/www.mosdebresca.com\/ca\/wp-json\/wp\/v2\/pages"}],"about":[{"href":"https:\/\/www.mosdebresca.com\/ca\/wp-json\/wp\/v2\/types\/page"}],"author":[{"embeddable":true,"href":"https:\/\/www.mosdebresca.com\/ca\/wp-json\/wp\/v2\/users\/1"}],"replies":[{"embeddable":true,"href":"https:\/\/www.mosdebresca.com\/ca\/wp-json\/wp\/v2\/comments?post=928"}],"version-history":[{"count":4,"href":"https:\/\/www.mosdebresca.com\/ca\/wp-json\/wp\/v2\/pages\/928\/revisions"}],"predecessor-version":[{"id":953,"href":"https:\/\/www.mosdebresca.com\/ca\/wp-json\/wp\/v2\/pages\/928\/revisions\/953"}],"wp:attachment":[{"href":"https:\/\/www.mosdebresca.com\/ca\/wp-json\/wp\/v2\/media?parent=928"}],"curies":[{"name":"wp","href":"https:\/\/api.w.org\/{rel}","templated":true}]}}