{"id":1035,"date":"2025-10-08T10:13:38","date_gmt":"2025-10-08T08:13:38","guid":{"rendered":"https:\/\/www.mosdebresca.com\/producto\/irta-2025\/"},"modified":"2025-11-18T12:19:57","modified_gmt":"2025-11-18T11:19:57","slug":"irta-2025","status":"publish","type":"product","link":"https:\/\/www.mosdebresca.com\/ca\/producto\/irta-2025\/","title":{"rendered":"Irta 2025"},"content":{"rendered":"<p>An\u00e0lisi d\u2019origen bot\u00e0nic<\/p>\n<p data-start=\"98\" data-end=\"285\"><strong data-start=\"98\" data-end=\"114\">Mel\u00b7l\u00edferes:<\/strong> Ametler 20%, roman\u00ed 12%, tim\u00f3 0,5%, ravenissa, bruc, cards, cal\u00e8ndula, campanera, garrofer, esparcet i altres lleguminoses. Llets\u00f3, ar\u00e7, altres ros\u00e0cies i flor de card.<\/p>\n<p data-start=\"287\" data-end=\"347\" data-is-last-node=\"\" data-is-only-node=\"\"><strong data-start=\"287\" data-end=\"304\">Pol\u00b7l\u00edniques:<\/strong><br data-start=\"304\" data-end=\"307\" \/>Aladern, estepes, salze, pi i plantatge.<\/p>\n","protected":false},"excerpt":{"rendered":"<p>An\u00e0lisi d\u2019origen bot\u00e0nic<\/p>\n<p data-start=\"98\" data-end=\"285\"><strong data-start=\"98\" data-end=\"114\">Mel\u00b7l\u00edferes:<\/strong> Ametler 20%, roman\u00ed 12%, tim\u00f3 0,5%, ravenissa, bruc, cards, cal\u00e8ndula, campanera, garrofer, esparcet i altres lleguminoses. Llets\u00f3, ar\u00e7, altres ros\u00e0cies i flor de card.<\/p>\n<p data-start=\"287\" data-end=\"347\" data-is-last-node=\"\" data-is-only-node=\"\"><strong data-start=\"287\" data-end=\"304\">Pol\u00b7l\u00edniques:<\/strong><br data-start=\"304\" data-end=\"307\" \/>Aladern, estepes, salze, pi i plantatge.<\/p>\n","protected":false},"featured_media":1037,"comment_status":"open","ping_status":"closed","template":"","meta":{"_acf_changed":false},"product_brand":[],"product_cat":[18],"product_tag":[],"class_list":{"0":"post-1035","1":"product","2":"type-product","3":"status-publish","4":"has-post-thumbnail","6":"product_cat-sin-categorizar","8":"first","9":"instock","10":"shipping-taxable","11":"purchasable","12":"product-type-simple"},"aioseo_notices":[],"acf":[],"_links":{"self":[{"href":"https:\/\/www.mosdebresca.com\/ca\/wp-json\/wp\/v2\/product\/1035","targetHints":{"allow":["GET"]}}],"collection":[{"href":"https:\/\/www.mosdebresca.com\/ca\/wp-json\/wp\/v2\/product"}],"about":[{"href":"https:\/\/www.mosdebresca.com\/ca\/wp-json\/wp\/v2\/types\/product"}],"replies":[{"embeddable":true,"href":"https:\/\/www.mosdebresca.com\/ca\/wp-json\/wp\/v2\/comments?post=1035"}],"wp:featuredmedia":[{"embeddable":true,"href":"https:\/\/www.mosdebresca.com\/ca\/wp-json\/wp\/v2\/media\/1037"}],"wp:attachment":[{"href":"https:\/\/www.mosdebresca.com\/ca\/wp-json\/wp\/v2\/media?parent=1035"}],"wp:term":[{"taxonomy":"product_brand","embeddable":true,"href":"https:\/\/www.mosdebresca.com\/ca\/wp-json\/wp\/v2\/product_brand?post=1035"},{"taxonomy":"product_cat","embeddable":true,"href":"https:\/\/www.mosdebresca.com\/ca\/wp-json\/wp\/v2\/product_cat?post=1035"},{"taxonomy":"product_tag","embeddable":true,"href":"https:\/\/www.mosdebresca.com\/ca\/wp-json\/wp\/v2\/product_tag?post=1035"}],"curies":[{"name":"wp","href":"https:\/\/api.w.org\/{rel}","templated":true}]}}