{"id":1044,"date":"2025-10-08T10:08:12","date_gmt":"2025-10-08T08:08:12","guid":{"rendered":"https:\/\/www.mosdebresca.com\/producto\/penyagolosa-2025\/"},"modified":"2025-11-18T12:49:51","modified_gmt":"2025-11-18T11:49:51","slug":"penyagolosa-2025","status":"publish","type":"product","link":"https:\/\/www.mosdebresca.com\/ca\/producto\/penyagolosa-2025\/","title":{"rendered":"Penyagolosa 2025"},"content":{"rendered":"<p><strong data-start=\"338\" data-end=\"367\">An\u00e0lisi d\u2019origen bot\u00e0nic:<\/strong><br data-start=\"367\" data-end=\"370\" \/>Heura 30%, bruc 10%, esp\u00edgol 2%, tim\u00f3 2%, ar\u00e7os, raberstre, labiades, lleguminoses, lletoses, carrasca, coscolla.<\/p>\n","protected":false},"excerpt":{"rendered":"<p><strong data-start=\"338\" data-end=\"367\">An\u00e0lisi d\u2019origen bot\u00e0nic:<\/strong><br data-start=\"367\" data-end=\"370\" \/>Heura 30%, bruc 10%, esp\u00edgol 2%, tim\u00f3 2%, ar\u00e7os, raberstre, labiades, lleguminoses, lletoses, carrasca, coscolla.<\/p>\n","protected":false},"featured_media":1046,"comment_status":"open","ping_status":"closed","template":"","meta":{"_acf_changed":false},"product_brand":[],"product_cat":[18],"product_tag":[],"class_list":{"0":"post-1044","1":"product","2":"type-product","3":"status-publish","4":"has-post-thumbnail","6":"product_cat-sin-categorizar","8":"first","9":"outofstock","10":"shipping-taxable","11":"purchasable","12":"product-type-simple"},"aioseo_notices":[],"acf":[],"_links":{"self":[{"href":"https:\/\/www.mosdebresca.com\/ca\/wp-json\/wp\/v2\/product\/1044","targetHints":{"allow":["GET"]}}],"collection":[{"href":"https:\/\/www.mosdebresca.com\/ca\/wp-json\/wp\/v2\/product"}],"about":[{"href":"https:\/\/www.mosdebresca.com\/ca\/wp-json\/wp\/v2\/types\/product"}],"replies":[{"embeddable":true,"href":"https:\/\/www.mosdebresca.com\/ca\/wp-json\/wp\/v2\/comments?post=1044"}],"wp:featuredmedia":[{"embeddable":true,"href":"https:\/\/www.mosdebresca.com\/ca\/wp-json\/wp\/v2\/media\/1046"}],"wp:attachment":[{"href":"https:\/\/www.mosdebresca.com\/ca\/wp-json\/wp\/v2\/media?parent=1044"}],"wp:term":[{"taxonomy":"product_brand","embeddable":true,"href":"https:\/\/www.mosdebresca.com\/ca\/wp-json\/wp\/v2\/product_brand?post=1044"},{"taxonomy":"product_cat","embeddable":true,"href":"https:\/\/www.mosdebresca.com\/ca\/wp-json\/wp\/v2\/product_cat?post=1044"},{"taxonomy":"product_tag","embeddable":true,"href":"https:\/\/www.mosdebresca.com\/ca\/wp-json\/wp\/v2\/product_tag?post=1044"}],"curies":[{"name":"wp","href":"https:\/\/api.w.org\/{rel}","templated":true}]}}