{"id":760,"date":"2025-10-03T10:00:01","date_gmt":"2025-10-03T08:00:01","guid":{"rendered":"https:\/\/www.mosdebresca.com\/mos-de-bresca\/"},"modified":"2025-11-12T13:01:02","modified_gmt":"2025-11-12T12:01:02","slug":"mos-de-bresca","status":"publish","type":"page","link":"https:\/\/www.mosdebresca.com\/de\/mos-de-bresca\/","title":{"rendered":"Sobre Nosotros"},"content":{"rendered":"\t\t<div data-elementor-type=\"wp-page\" data-elementor-id=\"760\" class=\"elementor elementor-760\" data-elementor-post-type=\"page\">\n\t\t\t\t<div class=\"elementor-element elementor-element-ca890ca e-flex e-con-boxed e-con e-parent\" data-id=\"ca890ca\" data-element_type=\"container\" data-settings=\"{&quot;background_background&quot;:&quot;classic&quot;}\">\n\t\t\t\t\t<div class=\"e-con-inner\">\n\t\t<div class=\"elementor-element elementor-element-e613c64 e-con-full e-flex e-con e-child\" data-id=\"e613c64\" data-element_type=\"container\">\n\t\t\t\t<div class=\"elementor-element elementor-element-2264161 elementor-widget elementor-widget-heading\" data-id=\"2264161\" data-element_type=\"widget\" data-widget_type=\"heading.default\">\n\t\t\t\t\t<p class=\"elementor-heading-title elementor-size-default\">Mos de Bresca<\/p>\t\t\t\t<\/div>\n\t\t\t\t<div class=\"elementor-element elementor-element-f3428e6 elementor-widget elementor-widget-heading\" data-id=\"f3428e6\" data-element_type=\"widget\" data-widget_type=\"heading.default\">\n\t\t\t\t\t<h1 class=\"elementor-heading-title elementor-size-default\">Bio-Honig aus Naturparks<\/h1>\t\t\t\t<\/div>\n\t\t\t\t<\/div>\n\t\t<div class=\"elementor-element elementor-element-9df3609 e-con-full e-flex e-con e-child\" data-id=\"9df3609\" data-element_type=\"container\">\n\t\t\t\t<div class=\"elementor-element elementor-element-8b3c7bc elementor-widget elementor-widget-text-editor\" data-id=\"8b3c7bc\" data-element_type=\"widget\" data-widget_type=\"text-editor.default\">\n\t\t\t\t\t\t\t\t\t<blockquote data-start=\"424\" data-end=\"645\"><p data-start=\"426\" data-end=\"645\"><strong data-start=\"426\" data-end=\"645\">Unsere Honige stammen vom Pico de Penyagolosa, aus der Serra d\u2019Irta und dem Desert de les Palmes \u2013 allesamt Naturparks \u2013, deren besondere Umgebung unserem Honig seinen einzigartigen Geschmack und Charakter verleiht.<\/strong><\/p><\/blockquote><p data-start=\"647\" data-end=\"791\" data-is-last-node=\"\" data-is-only-node=\"\">\u00a0<\/p>\t\t\t\t\t\t\t\t<\/div>\n\t\t\t\t<div class=\"elementor-element elementor-element-5c04289 elementor-align-center elementor-widget__width-initial elementor-widget elementor-widget-button\" data-id=\"5c04289\" data-element_type=\"widget\" data-widget_type=\"button.default\">\n\t\t\t\t\t\t\t\t\t\t<a class=\"elementor-button elementor-button-link elementor-size-sm\" href=\"\/de\/bio-honig-aus-naturparks\/\">\n\t\t\t\t\t\t<span class=\"elementor-button-content-wrapper\">\n\t\t\t\t\t\t\t\t\t<span class=\"elementor-button-text\">Jetzt Kaufen<\/span>\n\t\t\t\t\t<\/span>\n\t\t\t\t\t<\/a>\n\t\t\t\t\t\t\t\t<\/div>\n\t\t\t\t<\/div>\n\t\t\t\t\t<\/div>\n\t\t\t\t<\/div>\n\t\t<div class=\"elementor-element elementor-element-1b36a0f e-flex e-con-boxed e-con e-parent\" data-id=\"1b36a0f\" data-element_type=\"container\">\n\t\t\t\t\t<div class=\"e-con-inner\">\n\t\t<div class=\"elementor-element elementor-element-af4c8f2 e-con-full e-flex e-con e-child\" data-id=\"af4c8f2\" data-element_type=\"container\" data-settings=\"{&quot;background_background&quot;:&quot;classic&quot;}\">\n\t\t<div class=\"elementor-element elementor-element-92177a4 e-con-full e-flex e-con e-child\" data-id=\"92177a4\" data-element_type=\"container\">\n\t\t<div class=\"elementor-element elementor-element-b5cf1f1 e-con-full e-flex e-con e-child\" data-id=\"b5cf1f1\" data-element_type=\"container\">\n\t\t\t\t<div class=\"elementor-element elementor-element-b58c492 elementor-widget elementor-widget-heading\" data-id=\"b58c492\" data-element_type=\"widget\" data-widget_type=\"heading.default\">\n\t\t\t\t\t<p class=\"elementor-heading-title elementor-size-default\">NAT\u00dcRLICHER HONIG AUS PENYAGOLOSA<\/p>\t\t\t\t<\/div>\n\t\t\t\t<\/div>\n\t\t\t\t<div class=\"elementor-element elementor-element-f598768 elementor-widget elementor-widget-text-editor\" data-id=\"f598768\" data-element_type=\"widget\" data-widget_type=\"text-editor.default\">\n\t\t\t\t\t\t\t\t\t<p data-start=\"129\" data-end=\"425\">In <strong data-start=\"132\" data-end=\"149\">Mos de Bresca<\/strong> stellen wir <strong data-start=\"162\" data-end=\"194\">\u00f6kologischen Bergbl\u00fctenhonig<\/strong> her, der in der nat\u00fcrlichen Umgebung des <strong data-start=\"236\" data-end=\"251\">Penyagolosa<\/strong>, dem Herzen von Castell\u00f3n, geerntet wird. Unsere Arbeit verbindet traditionelle Imkerei mit dem Respekt vor der Biodiversit\u00e4t der Naturparks, in denen unsere Bienen leben.<\/p><p data-start=\"427\" data-end=\"746\">Wir ernten unseren Honig <strong data-start=\"452\" data-end=\"509\">in Handarbeit, ohne \u00fcberm\u00e4\u00dfiges Erhitzen oder Filtern<\/strong>, um seine <strong data-start=\"520\" data-end=\"577\">blumigen Aromen, Enzyme und nat\u00fcrlichen Eigenschaften<\/strong> vollst\u00e4ndig zu bewahren. Jede Charge spiegelt die einzigartige Flora der jeweiligen Jahreszeit wider \u2013 Rosmarin, Thymian, Lavendel oder Heidekraut, je nach Erntezeit.<\/p><p data-start=\"748\" data-end=\"1016\">Unsere Philosophie basiert auf <strong data-start=\"779\" data-end=\"803\">nachhaltiger Imkerei<\/strong> und dem Wohlbefinden der Bienenv\u00f6lker. Daher verwenden wir weder chemische Produkte noch industrielle Verfahren und garantieren so einen <strong data-start=\"941\" data-end=\"979\">rohen, reinen und regionalen Honig<\/strong>, direkt vom Imker zum Verbraucher.<\/p>\t\t\t\t\t\t\t\t<\/div>\n\t\t\t\t<\/div>\n\t\t\t\t<\/div>\n\t\t<div class=\"elementor-element elementor-element-bcee189 e-con-full e-flex e-con e-child\" data-id=\"bcee189\" data-element_type=\"container\">\n\t\t<div class=\"elementor-element elementor-element-9b9f59a e-con-full e-flex e-con e-child\" data-id=\"9b9f59a\" data-element_type=\"container\" data-settings=\"{&quot;background_background&quot;:&quot;classic&quot;}\">\n\t\t\t\t<div class=\"elementor-element elementor-element-2790ce0 elementor-widget elementor-widget-image\" data-id=\"2790ce0\" data-element_type=\"widget\" data-widget_type=\"image.default\">\n\t\t\t\t\t\t\t\t\t\t\t\t\t\t\t<img fetchpriority=\"high\" decoding=\"async\" width=\"1920\" height=\"1080\" src=\"https:\/\/www.mosdebresca.com\/wp-content\/uploads\/2025\/10\/envasado-miel-mos-de-bresca.jpg\" class=\"attachment-full size-full wp-image-326\" alt=\"\" srcset=\"https:\/\/www.mosdebresca.com\/wp-content\/uploads\/2025\/10\/envasado-miel-mos-de-bresca.jpg 1920w, https:\/\/www.mosdebresca.com\/wp-content\/uploads\/2025\/10\/envasado-miel-mos-de-bresca-300x169.jpg 300w, https:\/\/www.mosdebresca.com\/wp-content\/uploads\/2025\/10\/envasado-miel-mos-de-bresca-1024x576.jpg 1024w, https:\/\/www.mosdebresca.com\/wp-content\/uploads\/2025\/10\/envasado-miel-mos-de-bresca-768x432.jpg 768w, https:\/\/www.mosdebresca.com\/wp-content\/uploads\/2025\/10\/envasado-miel-mos-de-bresca-1536x864.jpg 1536w, https:\/\/www.mosdebresca.com\/wp-content\/uploads\/2025\/10\/envasado-miel-mos-de-bresca-600x338.jpg 600w\" sizes=\"(max-width: 1920px) 100vw, 1920px\" \/>\t\t\t\t\t\t\t\t\t\t\t\t\t\t\t<\/div>\n\t\t\t\t<div class=\"elementor-element elementor-element-fdc63bf elementor-widget elementor-widget-image\" data-id=\"fdc63bf\" data-element_type=\"widget\" data-widget_type=\"image.default\">\n\t\t\t\t\t\t\t\t\t\t\t\t\t\t\t<img decoding=\"async\" width=\"800\" height=\"450\" src=\"https:\/\/www.mosdebresca.com\/wp-content\/uploads\/2025\/10\/miel-mos-de-brsca-abejas-1024x576.jpg\" class=\"attachment-large size-large wp-image-327\" alt=\"\" srcset=\"https:\/\/www.mosdebresca.com\/wp-content\/uploads\/2025\/10\/miel-mos-de-brsca-abejas-1024x576.jpg 1024w, https:\/\/www.mosdebresca.com\/wp-content\/uploads\/2025\/10\/miel-mos-de-brsca-abejas-300x169.jpg 300w, https:\/\/www.mosdebresca.com\/wp-content\/uploads\/2025\/10\/miel-mos-de-brsca-abejas-768x432.jpg 768w, https:\/\/www.mosdebresca.com\/wp-content\/uploads\/2025\/10\/miel-mos-de-brsca-abejas-600x338.jpg 600w, https:\/\/www.mosdebresca.com\/wp-content\/uploads\/2025\/10\/miel-mos-de-brsca-abejas.jpg 1080w\" sizes=\"(max-width: 800px) 100vw, 800px\" \/>\t\t\t\t\t\t\t\t\t\t\t\t\t\t\t<\/div>\n\t\t\t\t<\/div>\n\t\t<div class=\"elementor-element elementor-element-c595e00 e-con-full e-flex e-con e-child\" data-id=\"c595e00\" data-element_type=\"container\" data-settings=\"{&quot;background_background&quot;:&quot;classic&quot;}\">\n\t\t\t\t<div class=\"elementor-element elementor-element-acdd3f2 elementor-widget elementor-widget-image\" data-id=\"acdd3f2\" data-element_type=\"widget\" data-widget_type=\"image.default\">\n\t\t\t\t\t\t\t\t\t\t\t\t\t\t\t<img decoding=\"async\" width=\"800\" height=\"450\" src=\"https:\/\/www.mosdebresca.com\/wp-content\/uploads\/2025\/10\/miel-mos-de-bresca-procesacion-1024x576.jpg\" class=\"attachment-large size-large wp-image-329\" alt=\"\" srcset=\"https:\/\/www.mosdebresca.com\/wp-content\/uploads\/2025\/10\/miel-mos-de-bresca-procesacion-1024x576.jpg 1024w, https:\/\/www.mosdebresca.com\/wp-content\/uploads\/2025\/10\/miel-mos-de-bresca-procesacion-300x169.jpg 300w, https:\/\/www.mosdebresca.com\/wp-content\/uploads\/2025\/10\/miel-mos-de-bresca-procesacion-768x432.jpg 768w, https:\/\/www.mosdebresca.com\/wp-content\/uploads\/2025\/10\/miel-mos-de-bresca-procesacion-1536x864.jpg 1536w, https:\/\/www.mosdebresca.com\/wp-content\/uploads\/2025\/10\/miel-mos-de-bresca-procesacion-600x338.jpg 600w, https:\/\/www.mosdebresca.com\/wp-content\/uploads\/2025\/10\/miel-mos-de-bresca-procesacion.jpg 1920w\" sizes=\"(max-width: 800px) 100vw, 800px\" \/>\t\t\t\t\t\t\t\t\t\t\t\t\t\t\t<\/div>\n\t\t\t\t<div class=\"elementor-element elementor-element-181c2ee elementor-widget elementor-widget-image\" data-id=\"181c2ee\" data-element_type=\"widget\" data-widget_type=\"image.default\">\n\t\t\t\t\t\t\t\t\t\t\t\t\t\t\t<img loading=\"lazy\" decoding=\"async\" width=\"800\" height=\"800\" src=\"https:\/\/www.mosdebresca.com\/wp-content\/uploads\/2025\/10\/extraccion-miel-mos-de-bresca.jpg\" class=\"attachment-large size-large wp-image-328\" alt=\"\" srcset=\"https:\/\/www.mosdebresca.com\/wp-content\/uploads\/2025\/10\/extraccion-miel-mos-de-bresca.jpg 844w, https:\/\/www.mosdebresca.com\/wp-content\/uploads\/2025\/10\/extraccion-miel-mos-de-bresca-300x300.jpg 300w, https:\/\/www.mosdebresca.com\/wp-content\/uploads\/2025\/10\/extraccion-miel-mos-de-bresca-150x150.jpg 150w, https:\/\/www.mosdebresca.com\/wp-content\/uploads\/2025\/10\/extraccion-miel-mos-de-bresca-768x768.jpg 768w, https:\/\/www.mosdebresca.com\/wp-content\/uploads\/2025\/10\/extraccion-miel-mos-de-bresca-600x600.jpg 600w, https:\/\/www.mosdebresca.com\/wp-content\/uploads\/2025\/10\/extraccion-miel-mos-de-bresca-100x100.jpg 100w\" sizes=\"(max-width: 800px) 100vw, 800px\" \/>\t\t\t\t\t\t\t\t\t\t\t\t\t\t\t<\/div>\n\t\t\t\t<\/div>\n\t\t\t\t<\/div>\n\t\t\t\t\t<\/div>\n\t\t\t\t<\/div>\n\t\t<div class=\"elementor-element elementor-element-78eb744 e-flex e-con-boxed e-con e-parent\" data-id=\"78eb744\" data-element_type=\"container\">\n\t\t\t\t\t<div class=\"e-con-inner\">\n\t\t\t\t<div class=\"elementor-element elementor-element-68afa9c elementor-widget elementor-widget-video\" data-id=\"68afa9c\" data-element_type=\"widget\" data-settings=\"{&quot;youtube_url&quot;:&quot;https:\\\/\\\/youtu.be\\\/xSrDgZ58mJ0&quot;,&quot;video_type&quot;:&quot;youtube&quot;,&quot;controls&quot;:&quot;yes&quot;}\" data-widget_type=\"video.default\">\n\t\t\t\t\t\t\t<div class=\"elementor-wrapper elementor-open-inline\">\n\t\t\t<div class=\"elementor-video\"><\/div>\t\t<\/div>\n\t\t\t\t\t\t<\/div>\n\t\t\t\t\t<\/div>\n\t\t\t\t<\/div>\n\t\t<div class=\"elementor-element elementor-element-afd6d28 e-con-full e-flex e-con e-parent\" data-id=\"afd6d28\" data-element_type=\"container\" data-settings=\"{&quot;background_background&quot;:&quot;classic&quot;}\">\n\t\t<div class=\"elementor-element elementor-element-3d8660a e-con-full e-flex e-con e-child\" data-id=\"3d8660a\" data-element_type=\"container\">\n\t\t<div class=\"elementor-element elementor-element-835be13 e-con-full e-flex e-con e-child\" data-id=\"835be13\" data-element_type=\"container\">\n\t\t\t\t<div class=\"elementor-element elementor-element-84302fc elementor-widget elementor-widget-heading\" data-id=\"84302fc\" data-element_type=\"widget\" data-widget_type=\"heading.default\">\n\t\t\t\t\t<h1 class=\"elementor-heading-title elementor-size-default\">PREMIUM-QUALIT\u00c4T<\/h1>\t\t\t\t<\/div>\n\t\t\t\t<div class=\"elementor-element elementor-element-3a02ea7 elementor-widget elementor-widget-heading\" data-id=\"3a02ea7\" data-element_type=\"widget\" data-widget_type=\"heading.default\">\n\t\t\t\t\t<h1 class=\"elementor-heading-title elementor-size-default\">ROHER BIO-HONIG<\/h1>\t\t\t\t<\/div>\n\t\t\t\t<\/div>\n\t\t<div class=\"elementor-element elementor-element-419485f e-con-full e-flex e-con e-child\" data-id=\"419485f\" data-element_type=\"container\">\n\t\t\t\t<div class=\"elementor-element elementor-element-f1d5ed1 elementor-widget elementor-widget-text-editor\" data-id=\"f1d5ed1\" data-element_type=\"widget\" data-widget_type=\"text-editor.default\">\n\t\t\t\t\t\t\t\t\t<p>Unser Honig beh\u00e4lt all seine nat\u00fcrlichen Eigenschaften, da er weder gefiltert, erhitzt noch pasteurisiert wird. Au\u00dferdem produzieren wir ihn nach den europ\u00e4ischen Bio-Standards. In unserem eigenen Raum zur Honiggewinnung und Abf\u00fcllung gew\u00e4hrleisten wir h\u00f6chste Sorgfalt in diesem vollst\u00e4ndig handwerklichen Prozess.<\/p>\t\t\t\t\t\t\t\t<\/div>\n\t\t\t\t<div class=\"elementor-element elementor-element-f7b5908 elementor-align-center elementor-widget__width-initial elementor-widget elementor-widget-button\" data-id=\"f7b5908\" data-element_type=\"widget\" data-widget_type=\"button.default\">\n\t\t\t\t\t\t\t\t\t\t<a class=\"elementor-button elementor-button-link elementor-size-sm\" href=\"\/de\/kontakt\/\">\n\t\t\t\t\t\t<span class=\"elementor-button-content-wrapper\">\n\t\t\t\t\t\t\t\t\t<span class=\"elementor-button-text\">Kontaktieren Sie uns<\/span>\n\t\t\t\t\t<\/span>\n\t\t\t\t\t<\/a>\n\t\t\t\t\t\t\t\t<\/div>\n\t\t\t\t<\/div>\n\t\t\t\t<\/div>\n\t\t\t\t<\/div>\n\t\t\t\t<\/div>\n\t\t","protected":false},"excerpt":{"rendered":"<p>Mos de Bresca Bio-Honig aus Naturparks Unsere Honige stammen vom Pico de Penyagolosa, aus der Serra d\u2019Irta und dem Desert de les Palmes \u2013 allesamt Naturparks \u2013, deren besondere Umgebung unserem Honig seinen einzigartigen Geschmack und Charakter verleiht. \u00a0 Jetzt Kaufen NAT\u00dcRLICHER HONIG AUS PENYAGOLOSA In Mos de Bresca stellen wir \u00f6kologischen Bergbl\u00fctenhonig her, der [&hellip;]<\/p>\n","protected":false},"author":1,"featured_media":0,"parent":0,"menu_order":0,"comment_status":"closed","ping_status":"closed","template":"elementor_header_footer","meta":{"_acf_changed":false,"footnotes":""},"class_list":["post-760","page","type-page","status-publish","hentry"],"aioseo_notices":[],"acf":[],"_links":{"self":[{"href":"https:\/\/www.mosdebresca.com\/de\/wp-json\/wp\/v2\/pages\/760","targetHints":{"allow":["GET"]}}],"collection":[{"href":"https:\/\/www.mosdebresca.com\/de\/wp-json\/wp\/v2\/pages"}],"about":[{"href":"https:\/\/www.mosdebresca.com\/de\/wp-json\/wp\/v2\/types\/page"}],"author":[{"embeddable":true,"href":"https:\/\/www.mosdebresca.com\/de\/wp-json\/wp\/v2\/users\/1"}],"replies":[{"embeddable":true,"href":"https:\/\/www.mosdebresca.com\/de\/wp-json\/wp\/v2\/comments?post=760"}],"version-history":[{"count":7,"href":"https:\/\/www.mosdebresca.com\/de\/wp-json\/wp\/v2\/pages\/760\/revisions"}],"predecessor-version":[{"id":1002,"href":"https:\/\/www.mosdebresca.com\/de\/wp-json\/wp\/v2\/pages\/760\/revisions\/1002"}],"wp:attachment":[{"href":"https:\/\/www.mosdebresca.com\/de\/wp-json\/wp\/v2\/media?parent=760"}],"curies":[{"name":"wp","href":"https:\/\/api.w.org\/{rel}","templated":true}]}}