{"id":811,"date":"2025-10-16T09:42:45","date_gmt":"2025-10-16T07:42:45","guid":{"rendered":"https:\/\/www.mosdebresca.com\/desert-de-les-palmes\/"},"modified":"2025-11-12T15:21:43","modified_gmt":"2025-11-12T14:21:43","slug":"desert-de-les-palmes","status":"publish","type":"page","link":"https:\/\/www.mosdebresca.com\/de\/desert-de-les-palmes\/","title":{"rendered":"Desert de les Palmes"},"content":{"rendered":"\t\t<div data-elementor-type=\"wp-page\" data-elementor-id=\"811\" class=\"elementor elementor-811\" data-elementor-post-type=\"page\">\n\t\t\t\t<div class=\"elementor-element elementor-element-fe78705 e-flex e-con-boxed e-con e-parent\" data-id=\"fe78705\" data-element_type=\"container\" data-settings=\"{&quot;background_background&quot;:&quot;classic&quot;}\">\n\t\t\t\t\t<div class=\"e-con-inner\">\n\t\t<div class=\"elementor-element elementor-element-c6a2bfe e-con-full e-flex e-con e-child\" data-id=\"c6a2bfe\" data-element_type=\"container\">\n\t\t\t\t<div class=\"elementor-element elementor-element-1715745 elementor-widget elementor-widget-heading\" data-id=\"1715745\" data-element_type=\"widget\" data-widget_type=\"heading.default\">\n\t\t\t\t\t<h2 class=\"elementor-heading-title elementor-size-default\">Desert de les Palmes<\/h2>\t\t\t\t<\/div>\n\t\t\t\t<div class=\"elementor-element elementor-element-ca48043 elementor-widget elementor-widget-heading\" data-id=\"ca48043\" data-element_type=\"widget\" data-widget_type=\"heading.default\">\n\t\t\t\t\t<p class=\"elementor-heading-title elementor-size-default\">NACHHALTIGE IMKEREI\n\n<\/p>\t\t\t\t<\/div>\n\t\t\t\t<div class=\"elementor-element elementor-element-1a00a38 elementor-widget elementor-widget-text-editor\" data-id=\"1a00a38\" data-element_type=\"widget\" data-widget_type=\"text-editor.default\">\n\t\t\t\t\t\t\t\t\t<p data-start=\"104\" data-end=\"285\"><strong data-start=\"104\" data-end=\"166\">Honig aus der Umgebung des Naturparks Desert de les Palmes<\/strong>,<br data-start=\"167\" data-end=\"170\" \/>einem gesch\u00fctzten Gebiet, in dem die Kombination aus Bergen und Meeresbrise eine einzigartige Flora hervorbringt.<\/p><p data-start=\"287\" data-end=\"507\">Die Bienen sammeln den Nektar von Rosmarin, Thymian und Heidekraut und erzeugen so einen Honig mit einzigartigen organoleptischen Eigenschaften \u2013 ein authentisches Spiegelbild der mediterranen Landschaft von Castell\u00f3n.<\/p>\t\t\t\t\t\t\t\t<\/div>\n\t\t\t\t<\/div>\n\t\t\t\t\t<\/div>\n\t\t\t\t<\/div>\n\t\t<div class=\"elementor-element elementor-element-e8787f6 e-flex e-con-boxed e-con e-parent\" data-id=\"e8787f6\" data-element_type=\"container\">\n\t\t\t\t\t<div class=\"e-con-inner\">\n\t\t<div class=\"elementor-element elementor-element-88f1c1d e-con-full e-flex e-con e-child\" data-id=\"88f1c1d\" data-element_type=\"container\" data-settings=\"{&quot;background_background&quot;:&quot;classic&quot;}\">\n\t\t<div class=\"elementor-element elementor-element-33a134a e-con-full e-flex e-con e-child\" data-id=\"33a134a\" data-element_type=\"container\">\n\t\t<div class=\"elementor-element elementor-element-e82fe6a e-con-full e-flex e-con e-child\" data-id=\"e82fe6a\" data-element_type=\"container\">\n\t\t\t\t<div class=\"elementor-element elementor-element-f76b485 elementor-widget elementor-widget-heading\" data-id=\"f76b485\" data-element_type=\"widget\" data-widget_type=\"heading.default\">\n\t\t\t\t\t<p class=\"elementor-heading-title elementor-size-default\">DESERT DE LES PALMES<\/p>\t\t\t\t<\/div>\n\t\t\t\t<\/div>\n\t\t\t\t<div class=\"elementor-element elementor-element-d082699 elementor-widget elementor-widget-text-editor\" data-id=\"d082699\" data-element_type=\"widget\" data-widget_type=\"text-editor.default\">\n\t\t\t\t\t\t\t\t\t<p data-start=\"118\" data-end=\"499\"><strong data-start=\"118\" data-end=\"165\">Bei Mos de Bresca stellen wir Bio-Honig her<\/strong>, der im gesch\u00fctzten Naturgebiet <em data-start=\"198\" data-end=\"222\">Desierto de las Palmas<\/em> gesammelt wird \u2013 einer einzigartigen Landschaft in der Provinz Castell\u00f3n, in der Meer und Berge aufeinandertreffen. Unsere Bienenst\u00f6cke befinden sich zwischen Kiefernw\u00e4ldern, Rosmarin- und Heidekrautbest\u00e4nden, in einem mediterranen \u00d6kosystem mit gro\u00dfer botanischer Vielfalt.<\/p><p data-start=\"501\" data-end=\"870\">Wir arbeiten handwerklich und achten den nat\u00fcrlichen Zyklus der Bienen. Unser Honig wird weder erhitzt noch \u00fcberm\u00e4\u00dfig gefiltert, damit er seine volle Reinheit, seinen Bl\u00fctenduft und seine nat\u00fcrlichen Eigenschaften beh\u00e4lt. Jede Ernte ist anders und spiegelt die Vegetation des Parks wider \u2013 Rosmarin, Thymian, Heidekraut und Orangenbl\u00fcte, je nach Bl\u00fctezeit der Saison.<\/p>\t\t\t\t\t\t\t\t<\/div>\n\t\t\t\t<\/div>\n\t\t\t\t<\/div>\n\t\t<div class=\"elementor-element elementor-element-6bd0a84 e-con-full e-flex e-con e-child\" data-id=\"6bd0a84\" data-element_type=\"container\">\n\t\t\t\t<div class=\"elementor-element elementor-element-7c8e6f8 elementor-widget__width-inherit elementor-widget elementor-widget-html\" data-id=\"7c8e6f8\" data-element_type=\"widget\" data-widget_type=\"html.default\">\n\t\t\t\t\t<section style=\"position: relative; width: 100%; aspect-ratio: 16\/9; object-fit:contain;\">\r\n  <iframe\r\n    src=\"https:\/\/videos.gva.es\/p\/132\/sp\/13200\/embedIframeJs\/uiconf_id\/23448175\/partner_id\/132?iframeembed=true&playerId=iframeVid&entry_id=0_i0kyfeuf&flashvars[streamerType]=applehttp\"\r\n    style=\"width: 100%; height: 100%; border: 0;\"\r\n    allowfullscreen\r\n    webkitallowfullscreen\r\n    mozallowfullscreen\r\n    allow=\"autoplay *; fullscreen *; encrypted-media *\"\r\n    frameborder=\"0\">\r\n  <\/iframe>\r\n<\/section>\t\t\t\t<\/div>\n\t\t\t\t<\/div>\n\t\t\t\t\t<\/div>\n\t\t\t\t<\/div>\n\t\t<div class=\"elementor-element elementor-element-c354b8a e-flex e-con-boxed e-con e-parent\" data-id=\"c354b8a\" data-element_type=\"container\">\n\t\t\t\t\t<div class=\"e-con-inner\">\n\t\t\t\t<div class=\"elementor-element elementor-element-1c384d3 elementor-widget elementor-widget-video\" data-id=\"1c384d3\" data-element_type=\"widget\" data-settings=\"{&quot;youtube_url&quot;:&quot;https:\\\/\\\/www.youtube.com\\\/watch?v=qBjG5s4DpV4&quot;,&quot;video_type&quot;:&quot;youtube&quot;,&quot;controls&quot;:&quot;yes&quot;}\" data-widget_type=\"video.default\">\n\t\t\t\t\t\t\t<div class=\"elementor-wrapper elementor-open-inline\">\n\t\t\t<div class=\"elementor-video\"><\/div>\t\t<\/div>\n\t\t\t\t\t\t<\/div>\n\t\t\t\t\t<\/div>\n\t\t\t\t<\/div>\n\t\t<div class=\"elementor-element elementor-element-36f9a92 e-con-full e-flex e-con e-parent\" data-id=\"36f9a92\" data-element_type=\"container\" data-settings=\"{&quot;background_background&quot;:&quot;classic&quot;}\">\n\t\t<div class=\"elementor-element elementor-element-3e86136 e-con-full e-flex e-con e-child\" data-id=\"3e86136\" data-element_type=\"container\">\n\t\t<div class=\"elementor-element elementor-element-1515843 e-con-full e-flex e-con e-child\" data-id=\"1515843\" data-element_type=\"container\">\n\t\t\t\t<div class=\"elementor-element elementor-element-541b9af elementor-widget elementor-widget-heading\" data-id=\"541b9af\" data-element_type=\"widget\" data-widget_type=\"heading.default\">\n\t\t\t\t\t<h1 class=\"elementor-heading-title elementor-size-default\">HOCHWERTIGE QUALIT\u00c4T<\/h1>\t\t\t\t<\/div>\n\t\t\t\t<div class=\"elementor-element elementor-element-2da07ad elementor-widget elementor-widget-heading\" data-id=\"2da07ad\" data-element_type=\"widget\" data-widget_type=\"heading.default\">\n\t\t\t\t\t<h1 class=\"elementor-heading-title elementor-size-default\">ROHER BIO-HONIG<\/h1>\t\t\t\t<\/div>\n\t\t\t\t<\/div>\n\t\t<div class=\"elementor-element elementor-element-c184b37 e-con-full e-flex e-con e-child\" data-id=\"c184b37\" data-element_type=\"container\">\n\t\t\t\t<div class=\"elementor-element elementor-element-fa20602 elementor-widget elementor-widget-text-editor\" data-id=\"fa20602\" data-element_type=\"widget\" data-widget_type=\"text-editor.default\">\n\t\t\t\t\t\t\t\t\t<p>Unser Honig bewahrt all seine nat\u00fcrlichen Eigenschaften, da er\u00a0<strong data-start=\"616\" data-end=\"663\">nicht gefiltert, erhitzt oder pasteurisiert<\/strong> wird. Er wird gem\u00e4\u00df den <strong data-start=\"688\" data-end=\"720\">europ\u00e4ischen Bio-Richtlinien<\/strong>\u00a0hergestellt und in unserem eigenen Betrieb sorgf\u00e4ltig gewonnen und abgef\u00fcllt \u2013\u00a0<strong data-start=\"800\" data-end=\"847\">mit h\u00f6chster Sorgfalt und echter Handarbeit<\/strong>.<\/p>\t\t\t\t\t\t\t\t<\/div>\n\t\t\t\t<div class=\"elementor-element elementor-element-61fcdeb elementor-align-center elementor-widget__width-initial elementor-widget elementor-widget-button\" data-id=\"61fcdeb\" data-element_type=\"widget\" data-widget_type=\"button.default\">\n\t\t\t\t\t\t\t\t\t\t<a class=\"elementor-button elementor-button-link elementor-size-sm\" href=\"\/de\/kontakt\/\">\n\t\t\t\t\t\t<span class=\"elementor-button-content-wrapper\">\n\t\t\t\t\t\t\t\t\t<span class=\"elementor-button-text\">Kontaktieren Sie uns<\/span>\n\t\t\t\t\t<\/span>\n\t\t\t\t\t<\/a>\n\t\t\t\t\t\t\t\t<\/div>\n\t\t\t\t<\/div>\n\t\t\t\t<\/div>\n\t\t\t\t<\/div>\n\t\t\t\t<\/div>\n\t\t","protected":false},"excerpt":{"rendered":"<p>Desert de les Palmes NACHHALTIGE IMKEREI Honig aus der Umgebung des Naturparks Desert de les Palmes,einem gesch\u00fctzten Gebiet, in dem die Kombination aus Bergen und Meeresbrise eine einzigartige Flora hervorbringt. Die Bienen sammeln den Nektar von Rosmarin, Thymian und Heidekraut und erzeugen so einen Honig mit einzigartigen organoleptischen Eigenschaften \u2013 ein authentisches Spiegelbild der mediterranen [&hellip;]<\/p>\n","protected":false},"author":1,"featured_media":0,"parent":0,"menu_order":0,"comment_status":"closed","ping_status":"closed","template":"elementor_header_footer","meta":{"_acf_changed":false,"footnotes":""},"class_list":["post-811","page","type-page","status-publish","hentry"],"aioseo_notices":[],"acf":[],"_links":{"self":[{"href":"https:\/\/www.mosdebresca.com\/de\/wp-json\/wp\/v2\/pages\/811","targetHints":{"allow":["GET"]}}],"collection":[{"href":"https:\/\/www.mosdebresca.com\/de\/wp-json\/wp\/v2\/pages"}],"about":[{"href":"https:\/\/www.mosdebresca.com\/de\/wp-json\/wp\/v2\/types\/page"}],"author":[{"embeddable":true,"href":"https:\/\/www.mosdebresca.com\/de\/wp-json\/wp\/v2\/users\/1"}],"replies":[{"embeddable":true,"href":"https:\/\/www.mosdebresca.com\/de\/wp-json\/wp\/v2\/comments?post=811"}],"version-history":[{"count":6,"href":"https:\/\/www.mosdebresca.com\/de\/wp-json\/wp\/v2\/pages\/811\/revisions"}],"predecessor-version":[{"id":1064,"href":"https:\/\/www.mosdebresca.com\/de\/wp-json\/wp\/v2\/pages\/811\/revisions\/1064"}],"wp:attachment":[{"href":"https:\/\/www.mosdebresca.com\/de\/wp-json\/wp\/v2\/media?parent=811"}],"curies":[{"name":"wp","href":"https:\/\/api.w.org\/{rel}","templated":true}]}}