{"id":820,"date":"2025-10-16T10:42:51","date_gmt":"2025-10-16T08:42:51","guid":{"rendered":"https:\/\/www.mosdebresca.com\/sierra-de-irta\/"},"modified":"2025-11-12T10:50:20","modified_gmt":"2025-11-12T09:50:20","slug":"sierra-de-irta","status":"publish","type":"page","link":"https:\/\/www.mosdebresca.com\/de\/sierra-de-irta\/","title":{"rendered":"Sierra de Irta"},"content":{"rendered":"\t\t<div data-elementor-type=\"wp-page\" data-elementor-id=\"820\" class=\"elementor elementor-820\" data-elementor-post-type=\"page\">\n\t\t\t\t<div class=\"elementor-element elementor-element-152bc709 e-flex e-con-boxed e-con e-parent\" data-id=\"152bc709\" data-element_type=\"container\" data-settings=\"{&quot;background_background&quot;:&quot;classic&quot;}\">\n\t\t\t\t\t<div class=\"e-con-inner\">\n\t\t<div class=\"elementor-element elementor-element-7939175a e-con-full e-flex e-con e-child\" data-id=\"7939175a\" data-element_type=\"container\">\n\t\t\t\t<div class=\"elementor-element elementor-element-8fdbeaf elementor-widget elementor-widget-heading\" data-id=\"8fdbeaf\" data-element_type=\"widget\" data-widget_type=\"heading.default\">\n\t\t\t\t\t<h2 class=\"elementor-heading-title elementor-size-default\">Sierra de Irta<\/h2>\t\t\t\t<\/div>\n\t\t\t\t<div class=\"elementor-element elementor-element-925fc63 elementor-widget elementor-widget-heading\" data-id=\"925fc63\" data-element_type=\"widget\" data-widget_type=\"heading.default\">\n\t\t\t\t\t<p class=\"elementor-heading-title elementor-size-default\">NACHHALTIGE IMKEREI<\/p>\t\t\t\t<\/div>\n\t\t\t\t<div class=\"elementor-element elementor-element-3827e3e9 elementor-widget elementor-widget-text-editor\" data-id=\"3827e3e9\" data-element_type=\"widget\" data-widget_type=\"text-editor.default\">\n\t\t\t\t\t\t\t\t\t<p data-start=\"667\" data-end=\"859\">Unsere <strong data-start=\"674\" data-end=\"707\">Honige aus der Sierra de Irta<\/strong> stammen aus einem gesch\u00fctzten Naturpark, wo sich Berge und Meer begegnen und ein einzigartiges mediterranes \u00d6kosystem voller Bl\u00fctenvielfalt entsteht.<\/p><p data-start=\"866\" data-end=\"1065\">Die Bienen sammeln Nektar von <strong data-start=\"896\" data-end=\"945\">Rosmarin, Thymian, Lavendel und Orangenbl\u00fcten<\/strong> und schaffen einen <strong data-start=\"965\" data-end=\"992\">feinen, duftenden Honig<\/strong>, der den <strong data-start=\"1002\" data-end=\"1053\">authentischen Geschmack der K\u00fcste von Castell\u00f3n<\/strong> einf\u00e4ngt.<\/p>\t\t\t\t\t\t\t\t<\/div>\n\t\t\t\t<\/div>\n\t\t\t\t\t<\/div>\n\t\t\t\t<\/div>\n\t\t<div class=\"elementor-element elementor-element-5f95a48e e-flex e-con-boxed e-con e-parent\" data-id=\"5f95a48e\" data-element_type=\"container\">\n\t\t\t\t\t<div class=\"e-con-inner\">\n\t\t<div class=\"elementor-element elementor-element-1e62888d e-con-full e-flex e-con e-child\" data-id=\"1e62888d\" data-element_type=\"container\" data-settings=\"{&quot;background_background&quot;:&quot;classic&quot;}\">\n\t\t<div class=\"elementor-element elementor-element-7a18a914 e-con-full e-flex e-con e-child\" data-id=\"7a18a914\" data-element_type=\"container\">\n\t\t<div class=\"elementor-element elementor-element-b8364a e-con-full e-flex e-con e-child\" data-id=\"b8364a\" data-element_type=\"container\">\n\t\t\t\t<div class=\"elementor-element elementor-element-1c0d7f06 elementor-widget elementor-widget-heading\" data-id=\"1c0d7f06\" data-element_type=\"widget\" data-widget_type=\"heading.default\">\n\t\t\t\t\t<p class=\"elementor-heading-title elementor-size-default\">SIERRA DE IRTA<\/p>\t\t\t\t<\/div>\n\t\t\t\t<\/div>\n\t\t\t\t<div class=\"elementor-element elementor-element-49245b12 elementor-widget elementor-widget-text-editor\" data-id=\"49245b12\" data-element_type=\"widget\" data-widget_type=\"text-editor.default\">\n\t\t\t\t\t\t\t\t\t<p data-start=\"120\" data-end=\"558\">Bei <strong data-start=\"124\" data-end=\"141\">Mos de Bresca<\/strong> stellen wir <strong data-start=\"154\" data-end=\"167\">Bio-Honig<\/strong> her, der in der nat\u00fcrlichen Umgebung der <strong data-start=\"209\" data-end=\"227\">Sierra de Irta<\/strong> geerntet wird \u2013 einem gesch\u00fctzten Naturpark, der <strong data-start=\"277\" data-end=\"328\">Klippen, Pinienw\u00e4lder und aromatische Str\u00e4ucher<\/strong> entlang der Mittelmeerk\u00fcste vereint. Unsere Bienenst\u00f6cke befinden sich in diesem einzigartigen K\u00fcstengebiet von Castell\u00f3n, wo <strong data-start=\"455\" data-end=\"484\">Meeresbrise und Wildflora<\/strong> dem Honig einen <strong data-start=\"501\" data-end=\"545\">frischen und unverwechselbaren Charakter<\/strong> verleihen.<\/p><p data-start=\"560\" data-end=\"938\">Wir arbeiten <strong data-start=\"573\" data-end=\"589\">handwerklich<\/strong> und respektieren den <strong data-start=\"611\" data-end=\"644\">nat\u00fcrlichen Zyklus der Bienen<\/strong>, ohne den Honig \u00fcberm\u00e4\u00dfig zu erhitzen oder zu filtern. So bewahren wir seine <strong data-start=\"722\" data-end=\"781\">Reinheit, blumigen Aromen und nat\u00fcrlichen Eigenschaften<\/strong>. Jede Ernte spiegelt die <strong data-start=\"807\" data-end=\"847\">pflanzliche Vielfalt der Irta-Region<\/strong> wider \u2013 <strong data-start=\"856\" data-end=\"905\">Rosmarin, Thymian, Lavendel und Orangenbl\u00fcten<\/strong>, je nach Bl\u00fctezeit der Saison.<\/p>\t\t\t\t\t\t\t\t<\/div>\n\t\t\t\t<\/div>\n\t\t\t\t<\/div>\n\t\t<div class=\"elementor-element elementor-element-7010ad6b e-con-full e-flex e-con e-child\" data-id=\"7010ad6b\" data-element_type=\"container\">\n\t\t\t\t<div class=\"elementor-element elementor-element-263d4d4c elementor-widget__width-inherit elementor-widget elementor-widget-html\" data-id=\"263d4d4c\" data-element_type=\"widget\" data-widget_type=\"html.default\">\n\t\t\t\t\t<section style=\"position: relative; width: 100%; aspect-ratio: 16\/9; object-fit:contain;\">\r\n<iframe\r\n  src=\"https:\/\/videos.gva.es\/p\/132\/sp\/13200\/embedIframeJs\/uiconf_id\/23448175\/partner_id\/132?iframeembed=true&playerId=iframeVid&entry_id=0_37gp63nd&flashvars[streamerType]=applehttp\"\r\n  style=\"width: 100%; height: 100%; border: 0;\"\r\n  allowfullscreen\r\n  webkitallowfullscreen\r\n  mozallowfullscreen\r\n  allow=\"autoplay *; fullscreen *; encrypted-media *\"\r\n  frameborder=\"0\">\r\n<\/iframe>\r\n\r\n<\/section>\t\t\t\t<\/div>\n\t\t\t\t<\/div>\n\t\t\t\t\t<\/div>\n\t\t\t\t<\/div>\n\t\t<div class=\"elementor-element elementor-element-f55cb47 e-flex e-con-boxed e-con e-parent\" data-id=\"f55cb47\" data-element_type=\"container\">\n\t\t\t\t\t<div class=\"e-con-inner\">\n\t\t\t\t<div class=\"elementor-element elementor-element-795f5c6 elementor-widget elementor-widget-video\" data-id=\"795f5c6\" data-element_type=\"widget\" data-settings=\"{&quot;youtube_url&quot;:&quot;https:\\\/\\\/www.youtube.com\\\/watch?v=6aahm1V3jZY&quot;,&quot;video_type&quot;:&quot;youtube&quot;,&quot;controls&quot;:&quot;yes&quot;}\" data-widget_type=\"video.default\">\n\t\t\t\t\t\t\t<div class=\"elementor-wrapper elementor-open-inline\">\n\t\t\t<div class=\"elementor-video\"><\/div>\t\t<\/div>\n\t\t\t\t\t\t<\/div>\n\t\t\t\t\t<\/div>\n\t\t\t\t<\/div>\n\t\t<div class=\"elementor-element elementor-element-37e76fe e-con-full e-flex e-con e-parent\" data-id=\"37e76fe\" data-element_type=\"container\" data-settings=\"{&quot;background_background&quot;:&quot;classic&quot;}\">\n\t\t<div class=\"elementor-element elementor-element-79a0f19 e-con-full e-flex e-con e-child\" data-id=\"79a0f19\" data-element_type=\"container\">\n\t\t<div class=\"elementor-element elementor-element-0f17d42 e-con-full e-flex e-con e-child\" data-id=\"0f17d42\" data-element_type=\"container\">\n\t\t\t\t<div class=\"elementor-element elementor-element-df2fd65 elementor-widget elementor-widget-heading\" data-id=\"df2fd65\" data-element_type=\"widget\" data-widget_type=\"heading.default\">\n\t\t\t\t\t<h1 class=\"elementor-heading-title elementor-size-default\">HOCHWERTIGE QUALIT\u00c4T<\/h1>\t\t\t\t<\/div>\n\t\t\t\t<div class=\"elementor-element elementor-element-17e6258 elementor-widget elementor-widget-heading\" data-id=\"17e6258\" data-element_type=\"widget\" data-widget_type=\"heading.default\">\n\t\t\t\t\t<h1 class=\"elementor-heading-title elementor-size-default\">ROHER BIO-HONIG<\/h1>\t\t\t\t<\/div>\n\t\t\t\t<\/div>\n\t\t<div class=\"elementor-element elementor-element-eb0dcc4 e-con-full e-flex e-con e-child\" data-id=\"eb0dcc4\" data-element_type=\"container\">\n\t\t\t\t<div class=\"elementor-element elementor-element-0bc91be elementor-widget elementor-widget-text-editor\" data-id=\"0bc91be\" data-element_type=\"widget\" data-widget_type=\"text-editor.default\">\n\t\t\t\t\t\t\t\t\t<p>Unser Honig bewahrt all seine nat\u00fcrlichen Eigenschaften, da er <strong data-start=\"616\" data-end=\"663\">nicht gefiltert, erhitzt oder pasteurisiert<\/strong> wird. Er wird gem\u00e4\u00df den <strong data-start=\"688\" data-end=\"720\">europ\u00e4ischen Bio-Richtlinien<\/strong> hergestellt und in unserem eigenen Betrieb sorgf\u00e4ltig gewonnen und abgef\u00fcllt \u2013 <strong data-start=\"800\" data-end=\"847\">mit h\u00f6chster Sorgfalt und echter Handarbeit<\/strong>.<\/p>\t\t\t\t\t\t\t\t<\/div>\n\t\t\t\t<div class=\"elementor-element elementor-element-5970a17 elementor-align-center elementor-widget__width-initial elementor-widget elementor-widget-button\" data-id=\"5970a17\" data-element_type=\"widget\" data-widget_type=\"button.default\">\n\t\t\t\t\t\t\t\t\t\t<a class=\"elementor-button elementor-button-link elementor-size-sm\" href=\"\/contacto\">\n\t\t\t\t\t\t<span class=\"elementor-button-content-wrapper\">\n\t\t\t\t\t\t\t\t\t<span class=\"elementor-button-text\">Kontaktieren Sie uns<\/span>\n\t\t\t\t\t<\/span>\n\t\t\t\t\t<\/a>\n\t\t\t\t\t\t\t\t<\/div>\n\t\t\t\t<\/div>\n\t\t\t\t<\/div>\n\t\t\t\t<\/div>\n\t\t\t\t<\/div>\n\t\t","protected":false},"excerpt":{"rendered":"<p>Sierra de Irta NACHHALTIGE IMKEREI Unsere Honige aus der Sierra de Irta stammen aus einem gesch\u00fctzten Naturpark, wo sich Berge und Meer begegnen und ein einzigartiges mediterranes \u00d6kosystem voller Bl\u00fctenvielfalt entsteht. Die Bienen sammeln Nektar von Rosmarin, Thymian, Lavendel und Orangenbl\u00fcten und schaffen einen feinen, duftenden Honig, der den authentischen Geschmack der K\u00fcste von Castell\u00f3n [&hellip;]<\/p>\n","protected":false},"author":1,"featured_media":0,"parent":0,"menu_order":0,"comment_status":"closed","ping_status":"closed","template":"elementor_header_footer","meta":{"_acf_changed":false,"footnotes":""},"class_list":["post-820","page","type-page","status-publish","hentry"],"aioseo_notices":[],"acf":[],"_links":{"self":[{"href":"https:\/\/www.mosdebresca.com\/de\/wp-json\/wp\/v2\/pages\/820","targetHints":{"allow":["GET"]}}],"collection":[{"href":"https:\/\/www.mosdebresca.com\/de\/wp-json\/wp\/v2\/pages"}],"about":[{"href":"https:\/\/www.mosdebresca.com\/de\/wp-json\/wp\/v2\/types\/page"}],"author":[{"embeddable":true,"href":"https:\/\/www.mosdebresca.com\/de\/wp-json\/wp\/v2\/users\/1"}],"replies":[{"embeddable":true,"href":"https:\/\/www.mosdebresca.com\/de\/wp-json\/wp\/v2\/comments?post=820"}],"version-history":[{"count":4,"href":"https:\/\/www.mosdebresca.com\/de\/wp-json\/wp\/v2\/pages\/820\/revisions"}],"predecessor-version":[{"id":833,"href":"https:\/\/www.mosdebresca.com\/de\/wp-json\/wp\/v2\/pages\/820\/revisions\/833"}],"wp:attachment":[{"href":"https:\/\/www.mosdebresca.com\/de\/wp-json\/wp\/v2\/media?parent=820"}],"curies":[{"name":"wp","href":"https:\/\/api.w.org\/{rel}","templated":true}]}}