{"id":836,"date":"2025-10-16T12:46:21","date_gmt":"2025-10-16T10:46:21","guid":{"rendered":"https:\/\/www.mosdebresca.com\/penyagolosa\/"},"modified":"2025-11-12T13:02:12","modified_gmt":"2025-11-12T12:02:12","slug":"penyagolosa","status":"publish","type":"page","link":"https:\/\/www.mosdebresca.com\/de\/penyagolosa\/","title":{"rendered":"Penyagolosa"},"content":{"rendered":"\t\t<div data-elementor-type=\"wp-page\" data-elementor-id=\"836\" class=\"elementor elementor-836\" data-elementor-post-type=\"page\">\n\t\t\t\t<div class=\"elementor-element elementor-element-555cfac3 e-flex e-con-boxed e-con e-parent\" data-id=\"555cfac3\" data-element_type=\"container\" data-settings=\"{&quot;background_background&quot;:&quot;classic&quot;}\">\n\t\t\t\t\t<div class=\"e-con-inner\">\n\t\t<div class=\"elementor-element elementor-element-35a73ce0 e-con-full e-flex e-con e-child\" data-id=\"35a73ce0\" data-element_type=\"container\">\n\t\t\t\t<div class=\"elementor-element elementor-element-7cf27706 elementor-widget elementor-widget-heading\" data-id=\"7cf27706\" data-element_type=\"widget\" data-widget_type=\"heading.default\">\n\t\t\t\t\t<h2 class=\"elementor-heading-title elementor-size-default\">Penyagolosa<\/h2>\t\t\t\t<\/div>\n\t\t\t\t<div class=\"elementor-element elementor-element-22a6eb43 elementor-widget elementor-widget-heading\" data-id=\"22a6eb43\" data-element_type=\"widget\" data-widget_type=\"heading.default\">\n\t\t\t\t\t<p class=\"elementor-heading-title elementor-size-default\">NACHHALTIGE IMKEREI<\/p>\t\t\t\t<\/div>\n\t\t\t\t<div class=\"elementor-element elementor-element-2d6733ee elementor-widget elementor-widget-text-editor\" data-id=\"2d6733ee\" data-element_type=\"widget\" data-widget_type=\"text-editor.default\">\n\t\t\t\t\t\t\t\t\t<p>Honige, die in der Umgebung des Penyagolosa geerntet werden, dem markantesten Bergmassiv im Landesinneren von Castell\u00f3n, wo H\u00f6he und Gebirgsklima eine au\u00dfergew\u00f6hnliche Vielfalt an Wildpflanzen beg\u00fcnstigen.<\/p><p>Die Bienen sammeln den Nektar von Rosmarin, Thymian, Lavendel und Heidekraut und erzeugen so einen intensiven und aromatischen Honig, der den authentischen Charakter der mediterranen Berglandschaft des Alto Maestrazgo widerspiegelt.<\/p>\t\t\t\t\t\t\t\t<\/div>\n\t\t\t\t<\/div>\n\t\t\t\t\t<\/div>\n\t\t\t\t<\/div>\n\t\t<div class=\"elementor-element elementor-element-7cf04e52 e-flex e-con-boxed e-con e-parent\" data-id=\"7cf04e52\" data-element_type=\"container\">\n\t\t\t\t\t<div class=\"e-con-inner\">\n\t\t<div class=\"elementor-element elementor-element-37256ad6 e-con-full e-flex e-con e-child\" data-id=\"37256ad6\" data-element_type=\"container\" data-settings=\"{&quot;background_background&quot;:&quot;classic&quot;}\">\n\t\t<div class=\"elementor-element elementor-element-2d4888fe e-con-full e-flex e-con e-child\" data-id=\"2d4888fe\" data-element_type=\"container\">\n\t\t<div class=\"elementor-element elementor-element-1442e316 e-con-full e-flex e-con e-child\" data-id=\"1442e316\" data-element_type=\"container\">\n\t\t\t\t<div class=\"elementor-element elementor-element-46978322 elementor-widget elementor-widget-heading\" data-id=\"46978322\" data-element_type=\"widget\" data-widget_type=\"heading.default\">\n\t\t\t\t\t<p class=\"elementor-heading-title elementor-size-default\">PENYAGOLOSA<\/p>\t\t\t\t<\/div>\n\t\t\t\t<\/div>\n\t\t\t\t<div class=\"elementor-element elementor-element-3d041b2c elementor-widget elementor-widget-text-editor\" data-id=\"3d041b2c\" data-element_type=\"widget\" data-widget_type=\"text-editor.default\">\n\t\t\t\t\t\t\t\t\t<p data-start=\"132\" data-end=\"516\">Bei <strong data-start=\"136\" data-end=\"153\">Mos de Bresca<\/strong> produzieren wir <strong data-start=\"170\" data-end=\"193\">Bio-Bergbl\u00fctenhonig<\/strong> im Herzen des <strong data-start=\"208\" data-end=\"223\">Penyagolosa<\/strong>, wo <strong data-start=\"228\" data-end=\"268\">Pinienw\u00e4lder, Thymian und Heidekraut<\/strong> unter einem <strong data-start=\"281\" data-end=\"315\">reinen und milden Gebirgsklima<\/strong> gedeihen. In dieser privilegierten Umgebung finden unsere Bienen eine <strong data-start=\"386\" data-end=\"422\">reiche und vielf\u00e4ltige Wildflora<\/strong>, die sich in einem <strong data-start=\"442\" data-end=\"499\">Honig mit intensiven Aromen und einzigartigen Nuancen<\/strong> widerspiegelt.<\/p><p data-start=\"518\" data-end=\"813\">Jede Ernte wird <strong data-start=\"534\" data-end=\"551\">in Handarbeit<\/strong>, <strong data-start=\"553\" data-end=\"566\">ohne Eile<\/strong> und mit <strong data-start=\"575\" data-end=\"644\">gr\u00f6\u00dftem Respekt f\u00fcr das nat\u00fcrliche Gleichgewicht des Bienenstocks<\/strong> durchgef\u00fchrt. Wir <strong data-start=\"663\" data-end=\"688\">erhitzen oder filtern<\/strong> den Honig <strong data-start=\"699\" data-end=\"718\">nicht \u00fcberm\u00e4\u00dfig<\/strong>, um alle seine <strong data-start=\"734\" data-end=\"798\">nat\u00fcrlichen Eigenschaften und seinen authentischen Geschmack<\/strong> zu bewahren.<\/p><p data-start=\"815\" data-end=\"963\">Das Ergebnis ist ein Honig, der <strong data-start=\"847\" data-end=\"892\">das Wesen des Landesinneren von Castell\u00f3n<\/strong> <strong data-start=\"893\" data-end=\"921\">treu zum Ausdruck bringt<\/strong> \u2013 <strong data-start=\"924\" data-end=\"960\">nat\u00fcrlich, rein und voller Leben<\/strong>.<\/p>\t\t\t\t\t\t\t\t<\/div>\n\t\t\t\t<\/div>\n\t\t\t\t<\/div>\n\t\t<div class=\"elementor-element elementor-element-5f70b16b e-con-full e-flex e-con e-child\" data-id=\"5f70b16b\" data-element_type=\"container\">\n\t\t\t\t<div class=\"elementor-element elementor-element-9fc315f elementor-widget elementor-widget-video\" data-id=\"9fc315f\" data-element_type=\"widget\" data-settings=\"{&quot;youtube_url&quot;:&quot;https:\\\/\\\/www.youtube.com\\\/watch?v=FFp-SuohGeo&amp;feature=youtu.be&quot;,&quot;video_type&quot;:&quot;youtube&quot;,&quot;controls&quot;:&quot;yes&quot;}\" data-widget_type=\"video.default\">\n\t\t\t\t\t\t\t<div class=\"elementor-wrapper elementor-open-inline\">\n\t\t\t<div class=\"elementor-video\"><\/div>\t\t<\/div>\n\t\t\t\t\t\t<\/div>\n\t\t\t\t<\/div>\n\t\t\t\t\t<\/div>\n\t\t\t\t<\/div>\n\t\t<div class=\"elementor-element elementor-element-dac917e e-flex e-con-boxed e-con e-parent\" data-id=\"dac917e\" data-element_type=\"container\">\n\t\t\t\t\t<div class=\"e-con-inner\">\n\t\t\t\t<div class=\"elementor-element elementor-element-e5cb14c elementor-widget elementor-widget-video\" data-id=\"e5cb14c\" data-element_type=\"widget\" data-settings=\"{&quot;youtube_url&quot;:&quot;https:\\\/\\\/www.youtube.com\\\/watch?v=hhmJ-zAv6tk&quot;,&quot;video_type&quot;:&quot;youtube&quot;,&quot;controls&quot;:&quot;yes&quot;}\" data-widget_type=\"video.default\">\n\t\t\t\t\t\t\t<div class=\"elementor-wrapper elementor-open-inline\">\n\t\t\t<div class=\"elementor-video\"><\/div>\t\t<\/div>\n\t\t\t\t\t\t<\/div>\n\t\t\t\t\t<\/div>\n\t\t\t\t<\/div>\n\t\t<div class=\"elementor-element elementor-element-a1f79c6 e-con-full e-flex e-con e-parent\" data-id=\"a1f79c6\" data-element_type=\"container\" data-settings=\"{&quot;background_background&quot;:&quot;classic&quot;}\">\n\t\t<div class=\"elementor-element elementor-element-a0df0b4 e-con-full e-flex e-con e-child\" data-id=\"a0df0b4\" data-element_type=\"container\">\n\t\t<div class=\"elementor-element elementor-element-50bfb4d e-con-full e-flex e-con e-child\" data-id=\"50bfb4d\" data-element_type=\"container\">\n\t\t\t\t<div class=\"elementor-element elementor-element-101a50a elementor-widget elementor-widget-heading\" data-id=\"101a50a\" data-element_type=\"widget\" data-widget_type=\"heading.default\">\n\t\t\t\t\t<h1 class=\"elementor-heading-title elementor-size-default\">PREMIUM-QUALIT\u00c4T<\/h1>\t\t\t\t<\/div>\n\t\t\t\t<div class=\"elementor-element elementor-element-d04f352 elementor-widget elementor-widget-heading\" data-id=\"d04f352\" data-element_type=\"widget\" data-widget_type=\"heading.default\">\n\t\t\t\t\t<h1 class=\"elementor-heading-title elementor-size-default\">ROHER BIO-HONIG<\/h1>\t\t\t\t<\/div>\n\t\t\t\t<\/div>\n\t\t<div class=\"elementor-element elementor-element-af4db2d e-con-full e-flex e-con e-child\" data-id=\"af4db2d\" data-element_type=\"container\">\n\t\t\t\t<div class=\"elementor-element elementor-element-f06e9d1 elementor-widget elementor-widget-text-editor\" data-id=\"f06e9d1\" data-element_type=\"widget\" data-widget_type=\"text-editor.default\">\n\t\t\t\t\t\t\t\t\t<p data-start=\"128\" data-end=\"324\">Unser Honig beh\u00e4lt all seine nat\u00fcrlichen Eigenschaften, da er weder gefiltert, erhitzt noch pasteurisiert wird. Au\u00dferdem wird er gem\u00e4\u00df den europ\u00e4ischen Bio-Standards hergestellt.<\/p><p data-start=\"326\" data-end=\"487\">In unserem eigenen R\u00e4umlichkeiten zur Honiggewinnung und Abf\u00fcllung gew\u00e4hrleisten wir h\u00f6chste Sorgfalt in diesem vollst\u00e4ndig handwerklichen Prozess.<\/p>\t\t\t\t\t\t\t\t<\/div>\n\t\t\t\t<div class=\"elementor-element elementor-element-12891a9 elementor-align-center elementor-widget__width-initial elementor-widget elementor-widget-button\" data-id=\"12891a9\" data-element_type=\"widget\" data-widget_type=\"button.default\">\n\t\t\t\t\t\t\t\t\t\t<a class=\"elementor-button elementor-button-link elementor-size-sm\" href=\"\/de\/kontakt\/\">\n\t\t\t\t\t\t<span class=\"elementor-button-content-wrapper\">\n\t\t\t\t\t\t\t\t\t<span class=\"elementor-button-text\">Kontaktieren Sie Uns<\/span>\n\t\t\t\t\t<\/span>\n\t\t\t\t\t<\/a>\n\t\t\t\t\t\t\t\t<\/div>\n\t\t\t\t<\/div>\n\t\t\t\t<\/div>\n\t\t\t\t<\/div>\n\t\t\t\t<\/div>\n\t\t","protected":false},"excerpt":{"rendered":"<p>Penyagolosa NACHHALTIGE IMKEREI Honige, die in der Umgebung des Penyagolosa geerntet werden, dem markantesten Bergmassiv im Landesinneren von Castell\u00f3n, wo H\u00f6he und Gebirgsklima eine au\u00dfergew\u00f6hnliche Vielfalt an Wildpflanzen beg\u00fcnstigen. Die Bienen sammeln den Nektar von Rosmarin, Thymian, Lavendel und Heidekraut und erzeugen so einen intensiven und aromatischen Honig, der den authentischen Charakter der mediterranen Berglandschaft [&hellip;]<\/p>\n","protected":false},"author":1,"featured_media":0,"parent":0,"menu_order":0,"comment_status":"closed","ping_status":"closed","template":"elementor_header_footer","meta":{"_acf_changed":false,"footnotes":""},"class_list":["post-836","page","type-page","status-publish","hentry"],"aioseo_notices":[],"acf":[],"_links":{"self":[{"href":"https:\/\/www.mosdebresca.com\/de\/wp-json\/wp\/v2\/pages\/836","targetHints":{"allow":["GET"]}}],"collection":[{"href":"https:\/\/www.mosdebresca.com\/de\/wp-json\/wp\/v2\/pages"}],"about":[{"href":"https:\/\/www.mosdebresca.com\/de\/wp-json\/wp\/v2\/types\/page"}],"author":[{"embeddable":true,"href":"https:\/\/www.mosdebresca.com\/de\/wp-json\/wp\/v2\/users\/1"}],"replies":[{"embeddable":true,"href":"https:\/\/www.mosdebresca.com\/de\/wp-json\/wp\/v2\/comments?post=836"}],"version-history":[{"count":7,"href":"https:\/\/www.mosdebresca.com\/de\/wp-json\/wp\/v2\/pages\/836\/revisions"}],"predecessor-version":[{"id":1008,"href":"https:\/\/www.mosdebresca.com\/de\/wp-json\/wp\/v2\/pages\/836\/revisions\/1008"}],"wp:attachment":[{"href":"https:\/\/www.mosdebresca.com\/de\/wp-json\/wp\/v2\/media?parent=836"}],"curies":[{"name":"wp","href":"https:\/\/api.w.org\/{rel}","templated":true}]}}