{"id":1041,"date":"2025-10-08T10:13:38","date_gmt":"2025-10-08T08:13:38","guid":{"rendered":"https:\/\/www.mosdebresca.com\/producto\/irta-2025\/"},"modified":"2025-11-18T12:30:20","modified_gmt":"2025-11-18T11:30:20","slug":"irta-2025","status":"publish","type":"product","link":"https:\/\/www.mosdebresca.com\/de\/producto\/irta-2025\/","title":{"rendered":"Irta 2025"},"content":{"rendered":"<p data-start=\"57\" data-end=\"99\"><strong data-start=\"60\" data-end=\"97\">Analyse der botanischen Herkunft:<\/strong><\/p>\n<p data-start=\"101\" data-end=\"342\"><strong data-start=\"101\" data-end=\"120\">Nektarpflanzen:<\/strong> Mandelbaum 20 %, Rosmarin 12 %, Thymian 0,5 %, Hederich, Heidekraut, Disteln, Ringelblume, Glockenblume, Johannisbrotbaum, Esparsette und andere H\u00fclsenfr\u00fcchte. L\u00f6wenzahn, Brombeere, andere Rosengew\u00e4chse und Distelbl\u00fcte.<\/p>\n<p data-start=\"344\" data-end=\"415\" data-is-last-node=\"\" data-is-only-node=\"\"><strong data-start=\"344\" data-end=\"363\">Pollenpflanzen:<\/strong><br data-start=\"363\" data-end=\"366\" \/>Kreuzdorn, Zistrosen, Weide, Kiefer und Wegerich.<\/p>\n","protected":false},"excerpt":{"rendered":"<p data-start=\"57\" data-end=\"99\"><strong data-start=\"60\" data-end=\"97\">Analyse der botanischen Herkunft:<\/strong><\/p>\n<p data-start=\"101\" data-end=\"342\"><strong data-start=\"101\" data-end=\"120\">Nektarpflanzen:<\/strong> Mandelbaum 20 %, Rosmarin 12 %, Thymian 0,5 %, Hederich, Heidekraut, Disteln, Ringelblume, Glockenblume, Johannisbrotbaum, Esparsette und andere H\u00fclsenfr\u00fcchte. L\u00f6wenzahn, Brombeere, andere Rosengew\u00e4chse und Distelbl\u00fcte.<\/p>\n<p data-start=\"344\" data-end=\"415\" data-is-last-node=\"\" data-is-only-node=\"\"><strong data-start=\"344\" data-end=\"363\">Pollenpflanzen:<\/strong><br data-start=\"363\" data-end=\"366\" \/>Kreuzdorn, Zistrosen, Weide, Kiefer und Wegerich.<\/p>\n","protected":false},"featured_media":1043,"comment_status":"open","ping_status":"closed","template":"","meta":{"_acf_changed":false},"product_brand":[],"product_cat":[18],"product_tag":[],"class_list":{"0":"post-1041","1":"product","2":"type-product","3":"status-publish","4":"has-post-thumbnail","6":"product_cat-sin-categorizar","8":"first","9":"instock","10":"shipping-taxable","11":"purchasable","12":"product-type-simple"},"aioseo_notices":[],"acf":[],"_links":{"self":[{"href":"https:\/\/www.mosdebresca.com\/de\/wp-json\/wp\/v2\/product\/1041","targetHints":{"allow":["GET"]}}],"collection":[{"href":"https:\/\/www.mosdebresca.com\/de\/wp-json\/wp\/v2\/product"}],"about":[{"href":"https:\/\/www.mosdebresca.com\/de\/wp-json\/wp\/v2\/types\/product"}],"replies":[{"embeddable":true,"href":"https:\/\/www.mosdebresca.com\/de\/wp-json\/wp\/v2\/comments?post=1041"}],"wp:featuredmedia":[{"embeddable":true,"href":"https:\/\/www.mosdebresca.com\/de\/wp-json\/wp\/v2\/media\/1043"}],"wp:attachment":[{"href":"https:\/\/www.mosdebresca.com\/de\/wp-json\/wp\/v2\/media?parent=1041"}],"wp:term":[{"taxonomy":"product_brand","embeddable":true,"href":"https:\/\/www.mosdebresca.com\/de\/wp-json\/wp\/v2\/product_brand?post=1041"},{"taxonomy":"product_cat","embeddable":true,"href":"https:\/\/www.mosdebresca.com\/de\/wp-json\/wp\/v2\/product_cat?post=1041"},{"taxonomy":"product_tag","embeddable":true,"href":"https:\/\/www.mosdebresca.com\/de\/wp-json\/wp\/v2\/product_tag?post=1041"}],"curies":[{"name":"wp","href":"https:\/\/api.w.org\/{rel}","templated":true}]}}