{"id":1050,"date":"2025-10-08T10:08:12","date_gmt":"2025-10-08T08:08:12","guid":{"rendered":"https:\/\/www.mosdebresca.com\/producto\/penyagolosa-2025\/"},"modified":"2025-11-18T12:50:07","modified_gmt":"2025-11-18T11:50:07","slug":"penyagolosa-2025","status":"publish","type":"product","link":"https:\/\/www.mosdebresca.com\/de\/producto\/penyagolosa-2025\/","title":{"rendered":"Penyagolosa 2025"},"content":{"rendered":"<p><strong data-start=\"692\" data-end=\"729\">Analyse der botanischen Herkunft:<\/strong><br data-start=\"729\" data-end=\"732\" \/>Efeu 30 %, Heidekraut 10 %, Lavendel 2 %, Thymian 2 %, Brombeeren, Hauhechel, Lippenbl\u00fctler, H\u00fclsenfr\u00fcchte, Wolfsmilchgew\u00e4chse, Steineiche, Kermeseiche.<\/p>\n","protected":false},"excerpt":{"rendered":"<p><strong data-start=\"692\" data-end=\"729\">Analyse der botanischen Herkunft:<\/strong><br data-start=\"729\" data-end=\"732\" \/>Efeu 30 %, Heidekraut 10 %, Lavendel 2 %, Thymian 2 %, Brombeeren, Hauhechel, Lippenbl\u00fctler, H\u00fclsenfr\u00fcchte, Wolfsmilchgew\u00e4chse, Steineiche, Kermeseiche.<\/p>\n","protected":false},"featured_media":1052,"comment_status":"open","ping_status":"closed","template":"","meta":{"_acf_changed":false},"product_brand":[],"product_cat":[18],"product_tag":[],"class_list":{"0":"post-1050","1":"product","2":"type-product","3":"status-publish","4":"has-post-thumbnail","6":"product_cat-sin-categorizar","8":"first","9":"outofstock","10":"shipping-taxable","11":"purchasable","12":"product-type-simple"},"aioseo_notices":[],"acf":[],"_links":{"self":[{"href":"https:\/\/www.mosdebresca.com\/de\/wp-json\/wp\/v2\/product\/1050","targetHints":{"allow":["GET"]}}],"collection":[{"href":"https:\/\/www.mosdebresca.com\/de\/wp-json\/wp\/v2\/product"}],"about":[{"href":"https:\/\/www.mosdebresca.com\/de\/wp-json\/wp\/v2\/types\/product"}],"replies":[{"embeddable":true,"href":"https:\/\/www.mosdebresca.com\/de\/wp-json\/wp\/v2\/comments?post=1050"}],"wp:featuredmedia":[{"embeddable":true,"href":"https:\/\/www.mosdebresca.com\/de\/wp-json\/wp\/v2\/media\/1052"}],"wp:attachment":[{"href":"https:\/\/www.mosdebresca.com\/de\/wp-json\/wp\/v2\/media?parent=1050"}],"wp:term":[{"taxonomy":"product_brand","embeddable":true,"href":"https:\/\/www.mosdebresca.com\/de\/wp-json\/wp\/v2\/product_brand?post=1050"},{"taxonomy":"product_cat","embeddable":true,"href":"https:\/\/www.mosdebresca.com\/de\/wp-json\/wp\/v2\/product_cat?post=1050"},{"taxonomy":"product_tag","embeddable":true,"href":"https:\/\/www.mosdebresca.com\/de\/wp-json\/wp\/v2\/product_tag?post=1050"}],"curies":[{"name":"wp","href":"https:\/\/api.w.org\/{rel}","templated":true}]}}